{"id":587,"date":"2025-10-07T00:08:22","date_gmt":"2025-10-07T00:08:22","guid":{"rendered":"https:\/\/amazonikajungletours.com\/?page_id=587"},"modified":"2025-11-01T03:35:39","modified_gmt":"2025-11-01T03:35:39","slug":"tours-de-tradicion","status":"publish","type":"page","link":"https:\/\/amazonikajungletours.com\/en\/tours-de-tradicion\/","title":{"rendered":"turismo cultural en el Amazonas"},"content":{"rendered":"<div data-elementor-type=\"wp-page\" data-elementor-id=\"587\" class=\"elementor elementor-587\">\n\t\t\t\t<div class=\"elementor-element elementor-element-7ebcd78c e-flex e-con-boxed e-con e-parent\" data-id=\"7ebcd78c\" data-element_type=\"container\" data-settings=\"{&quot;background_background&quot;:&quot;slideshow&quot;,&quot;background_slideshow_gallery&quot;:[{&quot;id&quot;:166,&quot;url&quot;:&quot;https:\\\/\\\/amazonikajungletours.com\\\/wp-content\\\/uploads\\\/2025\\\/09\\\/Sin-titulo-2-58.jpg&quot;},{&quot;id&quot;:167,&quot;url&quot;:&quot;https:\\\/\\\/amazonikajungletours.com\\\/wp-content\\\/uploads\\\/2025\\\/09\\\/Sin-titulo-2-59.jpg&quot;},{&quot;id&quot;:165,&quot;url&quot;:&quot;https:\\\/\\\/amazonikajungletours.com\\\/wp-content\\\/uploads\\\/2025\\\/09\\\/Sin-titulo-2-57.jpg&quot;}],&quot;background_slideshow_transition_duration&quot;:1000,&quot;background_slideshow_loop&quot;:&quot;yes&quot;,&quot;background_slideshow_slide_duration&quot;:5000,&quot;background_slideshow_slide_transition&quot;:&quot;fade&quot;}\">\n\t\t\t\t\t<div class=\"e-con-inner\">\n\t\t\t\t<div class=\"elementor-element elementor-element-7a6cd41a animated-slow elementor-invisible elementor-widget elementor-widget-heading\" data-id=\"7a6cd41a\" data-element_type=\"widget\" data-settings=\"{&quot;_animation&quot;:&quot;fadeInDown&quot;}\" data-widget_type=\"heading.default\">\n\t\t\t\t\t<h2 class=\"elementor-heading-title elementor-size-default\">Cultural and indigenous tours in the Colombian Amazon<\/h2>\t\t\t\t<\/div>\n\t\t\t\t<div class=\"elementor-element elementor-element-231d94aa animated-slow elementor-invisible elementor-widget elementor-widget-text-editor\" data-id=\"231d94aa\" data-element_type=\"widget\" data-settings=\"{&quot;_animation&quot;:&quot;fadeInUp&quot;}\" data-widget_type=\"text-editor.default\">\n\t\t\t\t\t\t\t\t\t<p>Discover the ancestral wisdom of the Amazonian communities, their spiritual connection with the jungle, and the traditions that keep indigenous culture alive.<\/p>\t\t\t\t\t\t\t\t<\/div>\n\t\t\t\t\t<\/div>\n\t\t\t\t<\/div>\n\t\t<div class=\"elementor-element elementor-element-26570458 e-flex e-con-boxed e-con e-parent\" data-id=\"26570458\" data-element_type=\"container\">\n\t\t\t\t\t<div class=\"e-con-inner\">\n\t\t\t\t<div class=\"elementor-element elementor-element-1d6a4101 animated-slow elementor-invisible elementor-widget elementor-widget-heading\" data-id=\"1d6a4101\" data-element_type=\"widget\" data-settings=\"{&quot;_animation&quot;:&quot;fadeInUp&quot;}\" data-widget_type=\"heading.default\">\n\t\t\t\t\t<h3 class=\"elementor-heading-title elementor-size-default\">Connect with the cultural essence of the Amazon<\/h3>\t\t\t\t<\/div>\n\t\t\t\t<div class=\"elementor-element elementor-element-7ae917a5 animated-slow elementor-invisible elementor-widget elementor-widget-text-editor\" data-id=\"7ae917a5\" data-element_type=\"widget\" data-settings=\"{&quot;_animation&quot;:&quot;fadeInUp&quot;}\" data-widget_type=\"text-editor.default\">\n\t\t\t\t\t\t\t\t\t<p>Los <strong data-start=\"1174\" data-end=\"1209\">Tours of Amazonian tradition<\/strong> invite you to live together with indigenous communities of the Colombian Amazon. You will learn about their agricultural practices (chagra), their life in the maloka, their ancestral medicine, and their sacred relationship with nature. Each experience is an opportunity to listen, share, and honor the wisdom of the Amazonian peoples.<\/p>\t\t\t\t\t\t\t\t<\/div>\n\t\t\t\t\t<\/div>\n\t\t\t\t<\/div>\n\t\t<div class=\"elementor-element elementor-element-4ad9ec0e e-flex e-con-boxed e-con e-parent\" data-id=\"4ad9ec0e\" data-element_type=\"container\" data-settings=\"{&quot;background_background&quot;:&quot;classic&quot;}\">\n\t\t\t\t\t<div class=\"e-con-inner\">\n\t\t<div class=\"elementor-element elementor-element-8b1b885 e-con-full e-flex e-con e-child\" data-id=\"8b1b885\" data-element_type=\"container\" data-settings=\"{&quot;background_background&quot;:&quot;slideshow&quot;,&quot;background_slideshow_gallery&quot;:[{&quot;id&quot;:164,&quot;url&quot;:&quot;https:\\\/\\\/amazonikajungletours.com\\\/wp-content\\\/uploads\\\/2025\\\/09\\\/Sin-titulo-2-56.jpg&quot;},{&quot;id&quot;:166,&quot;url&quot;:&quot;https:\\\/\\\/amazonikajungletours.com\\\/wp-content\\\/uploads\\\/2025\\\/09\\\/Sin-titulo-2-58.jpg&quot;},{&quot;id&quot;:215,&quot;url&quot;:&quot;https:\\\/\\\/amazonikajungletours.com\\\/wp-content\\\/uploads\\\/2025\\\/09\\\/Sin-titulo-5-7.jpg&quot;},{&quot;id&quot;:172,&quot;url&quot;:&quot;https:\\\/\\\/amazonikajungletours.com\\\/wp-content\\\/uploads\\\/2025\\\/09\\\/Sin-titulo-3-5.jpg&quot;},{&quot;id&quot;:173,&quot;url&quot;:&quot;https:\\\/\\\/amazonikajungletours.com\\\/wp-content\\\/uploads\\\/2025\\\/09\\\/Sin-titulo-3-6.jpg&quot;}],&quot;background_slideshow_loop&quot;:&quot;yes&quot;,&quot;background_slideshow_slide_duration&quot;:5000,&quot;background_slideshow_slide_transition&quot;:&quot;fade&quot;,&quot;background_slideshow_transition_duration&quot;:500}\">\n\t\t\t\t<\/div>\n\t\t<div class=\"elementor-element elementor-element-c36533c e-con-full e-flex e-con e-child\" data-id=\"c36533c\" data-element_type=\"container\">\n\t\t\t\t<div class=\"elementor-element elementor-element-6d1f9d6 elementor-invisible elementor-widget elementor-widget-heading\" data-id=\"6d1f9d6\" data-element_type=\"widget\" data-settings=\"{&quot;_animation&quot;:&quot;fadeInRight&quot;}\" data-widget_type=\"heading.default\">\n\t\t\t\t\t<h2 class=\"elementor-heading-title elementor-size-default\">\ud83e\udeb6 TOUR 4: INDIGENOUS TRADITIONS IN PUERTO NARI\u00d1O (3D\/2N)<\/h2>\t\t\t\t<\/div>\n\t\t\t\t<div class=\"elementor-element elementor-element-1190f65 animated-slow elementor-invisible elementor-widget elementor-widget-text-editor\" data-id=\"1190f65\" data-element_type=\"widget\" data-settings=\"{&quot;_animation&quot;:&quot;fadeInRight&quot;}\" data-widget_type=\"text-editor.default\">\n\t\t\t\t\t\t\t\t\t<p data-start=\"593\" data-end=\"1094\">Immerse yourself in the cultural soul of the Amazon with this tour designed to reconnect with ancestral knowledge. Over two days, you will visit a traditional maloca, participate in indigenous activities such as planting in the chagra, purification baths, rituals, walks among sacred trees, and moments of sharing with local elders. This tour is perfect for those seeking more than landscapes: a living experience with the spiritual and everyday knowledge of the indigenous peoples.<\/p><p data-start=\"1096\" data-end=\"1276\"><img decoding=\"async\" class=\"emoji\" role=\"img\" draggable=\"false\" src=\"https:\/\/s.w.org\/images\/core\/emoji\/16.0.1\/svg\/1f4b0.svg\" alt=\"\ud83d\udcb0\" \/>\u00a0<strong data-start=\"1099\" data-end=\"1148\">Prices per person ( local guide + translator):<\/strong><br data-start=\"1148\" data-end=\"1151\" \/>\u2022 1 people: $475 USD<br data-start=\"1168\" data-end=\"1171\" \/>\u2022 2 people: $288 USD<br data-start=\"1188\" data-end=\"1191\" \/>\u2022 3 people: $236 USD<br data-start=\"1208\" data-end=\"1211\" \/>\u2022 4 people: $213 USD<br data-start=\"1228\" data-end=\"1231\" \/>\u2022 5 people: $195 USD<br data-start=\"1248\" data-end=\"1251\" \/>\u2022 6 people or more: $180 USD<\/p><p data-start=\"1278\" data-end=\"1335\"><a href=\"https:\/\/drive.google.com\/file\/d\/1v9tVt9ztHQMXYgOZUUOhuyOpa0EOxllX\/view?usp=drive_link\" target=\"_blank\" rel=\"noopener\"><img decoding=\"async\" class=\"emoji\" role=\"img\" draggable=\"false\" src=\"https:\/\/s.w.org\/images\/core\/emoji\/16.0.1\/svg\/1f517.svg\" alt=\"\ud83d\udd17\" \/>\u00a0View full itinerary<\/a><\/p>\t\t\t\t\t\t\t\t<\/div>\n\t\t\t\t<\/div>\n\t\t\t\t\t<\/div>\n\t\t\t\t<\/div>\n\t\t<div class=\"elementor-element elementor-element-dbdcb94 e-flex e-con-boxed e-con e-parent\" data-id=\"dbdcb94\" data-element_type=\"container\">\n\t\t\t\t\t<div class=\"e-con-inner\">\n\t\t<div class=\"elementor-element elementor-element-3791f68 e-con-full e-flex e-con e-child\" data-id=\"3791f68\" data-element_type=\"container\">\n\t\t\t\t<div class=\"elementor-element elementor-element-6fd4c7e animated-slow elementor-invisible elementor-widget elementor-widget-heading\" data-id=\"6fd4c7e\" data-element_type=\"widget\" data-settings=\"{&quot;_animation&quot;:&quot;fadeInLeft&quot;}\" data-widget_type=\"heading.default\">\n\t\t\t\t\t<h2 class=\"elementor-heading-title elementor-size-default\">Responsible tourism with indigenous identity<\/h2>\t\t\t\t<\/div>\n\t\t\t\t<div class=\"elementor-element elementor-element-a878a75 animated-slow elementor-invisible elementor-widget elementor-widget-text-editor\" data-id=\"a878a75\" data-element_type=\"widget\" data-settings=\"{&quot;_animation&quot;:&quot;fadeInLeft&quot;}\" data-widget_type=\"text-editor.default\">\n\t\t\t\t\t\t\t\t\t<p>En <strong data-start=\"2419\" data-end=\"2432\">Amazonika<\/strong>, we work directly with local communities to promote respectful tourism, where every visitor is welcomed as a learner and not as a spectator. Part of each tour supports community projects and strengthens genuine cultural exchange.<\/p>\t\t\t\t\t\t\t\t<\/div>\n\t\t\t\t<\/div>\n\t\t<div class=\"elementor-element elementor-element-af1fda8 e-con-full animated-slow e-flex elementor-invisible e-con e-child\" data-id=\"af1fda8\" data-element_type=\"container\" data-settings=\"{&quot;background_background&quot;:&quot;slideshow&quot;,&quot;background_slideshow_gallery&quot;:[{&quot;id&quot;:657,&quot;url&quot;:&quot;https:\\\/\\\/amazonikajungletours.com\\\/wp-content\\\/uploads\\\/2025\\\/10\\\/abuela-pandora.webp&quot;}],&quot;animation&quot;:&quot;fadeInRight&quot;,&quot;background_slideshow_loop&quot;:&quot;yes&quot;,&quot;background_slideshow_slide_duration&quot;:5000,&quot;background_slideshow_slide_transition&quot;:&quot;fade&quot;,&quot;background_slideshow_transition_duration&quot;:500}\">\n\t\t\t\t<\/div>\n\t\t\t\t\t<\/div>\n\t\t\t\t<\/div>\n\t\t<div class=\"elementor-element elementor-element-47d51afd e-flex e-con-boxed e-con e-parent\" data-id=\"47d51afd\" data-element_type=\"container\" data-settings=\"{&quot;background_background&quot;:&quot;slideshow&quot;,&quot;background_slideshow_gallery&quot;:[{&quot;id&quot;:169,&quot;url&quot;:&quot;https:\\\/\\\/amazonikajungletours.com\\\/wp-content\\\/uploads\\\/2025\\\/09\\\/Sin-titulo-3-2.jpg&quot;}],&quot;background_slideshow_loop&quot;:&quot;yes&quot;,&quot;background_slideshow_slide_duration&quot;:5000,&quot;background_slideshow_slide_transition&quot;:&quot;fade&quot;,&quot;background_slideshow_transition_duration&quot;:500}\">\n\t\t\t\t\t<div class=\"e-con-inner\">\n\t\t\t\t<div class=\"elementor-element elementor-element-64c7b565 animated-slow elementor-invisible elementor-widget elementor-widget-heading\" data-id=\"64c7b565\" data-element_type=\"widget\" data-settings=\"{&quot;_animation&quot;:&quot;fadeInUp&quot;}\" data-widget_type=\"heading.default\">\n\t\t\t\t\t<h2 class=\"elementor-heading-title elementor-size-default\">Experience the cultural tourism of the Colombian Amazon from the heart. Connect with its people, learn about their traditions, and be part of an authentic experience that transforms.<\/h2>\t\t\t\t<\/div>\n\t\t\t\t<div class=\"elementor-element elementor-element-6cdf2abb elementor-button-info elementor-align-center animated-slow elementor-invisible elementor-widget elementor-widget-button\" data-id=\"6cdf2abb\" data-element_type=\"widget\" data-settings=\"{&quot;_animation&quot;:&quot;fadeInUp&quot;}\" data-widget_type=\"button.default\">\n\t\t\t\t\t\t\t\t\t\t<a class=\"elementor-button elementor-button-link elementor-size-sm\" href=\"https:\/\/amazonikajungletours.com\/en\/contacto\/\" target=\"_blank\">\n\t\t\t\t\t\t<span class=\"elementor-button-content-wrapper\">\n\t\t\t\t\t\t<span class=\"elementor-button-icon\">\n\t\t\t\t<svg aria-hidden=\"true\" class=\"e-font-icon-svg e-far-arrow-alt-circle-right\" viewbox=\"0 0 512 512\" xmlns=\"http:\/\/www.w3.org\/2000\/svg\"><path d=\"M504 256C504 119 393 8 256 8S8 119 8 256s111 248 248 248 248-111 248-248zm-448 0c0-110.5 89.5-200 200-200s200 89.5 200 200-89.5 200-200 200S56 366.5 56 256zm72 20v-40c0-6.6 5.4-12 12-12h116v-67c0-10.7 12.9-16 20.5-8.5l99 99c4.7 4.7 4.7 12.3 0 17l-99 99c-7.6 7.6-20.5 2.2-20.5-8.5v-67H140c-6.6 0-12-5.4-12-12z\"><\/path><\/svg>\t\t\t<\/span>\n\t\t\t\t\t\t\t\t\t<span class=\"elementor-button-text\">Reserve your experience<\/span>\n\t\t\t\t\t<\/span>\n\t\t\t\t\t<\/a>\n\t\t\t\t\t\t\t\t<\/div>\n\t\t\t\t\t<\/div>\n\t\t\t\t<\/div>\n\t\t\t\t<\/div>","protected":false},"excerpt":{"rendered":"<p>Tours culturales e ind\u00edgenas en el Amazonas colombiano Descubre la sabidur\u00eda ancestral de las comunidades amaz\u00f3nicas, su conexi\u00f3n espiritual con [&hellip;]<\/p>","protected":false},"author":1,"featured_media":0,"parent":0,"menu_order":0,"comment_status":"closed","ping_status":"closed","template":"","meta":{"site-sidebar-layout":"no-sidebar","site-content-layout":"","ast-site-content-layout":"full-width-container","site-content-style":"default","site-sidebar-style":"default","ast-global-header-display":"","ast-banner-title-visibility":"","ast-main-header-display":"","ast-hfb-above-header-display":"","ast-hfb-below-header-display":"","ast-hfb-mobile-header-display":"","site-post-title":"disabled","ast-breadcrumbs-content":"","ast-featured-img":"disabled","footer-sml-layout":"","ast-disable-related-posts":"","theme-transparent-header-meta":"","adv-header-id-meta":"","stick-header-meta":"","header-above-stick-meta":"","header-main-stick-meta":"","header-below-stick-meta":"","astra-migrate-meta-layouts":"default","ast-page-background-enabled":"default","ast-page-background-meta":{"desktop":{"background-color":"var(--ast-global-color-5)","background-image":"","background-repeat":"repeat","background-position":"center center","background-size":"auto","background-attachment":"scroll","background-type":"","background-media":"","overlay-type":"","overlay-color":"","overlay-opacity":"","overlay-gradient":""},"tablet":{"background-color":"","background-image":"","background-repeat":"repeat","background-position":"center center","background-size":"auto","background-attachment":"scroll","background-type":"","background-media":"","overlay-type":"","overlay-color":"","overlay-opacity":"","overlay-gradient":""},"mobile":{"background-color":"","background-image":"","background-repeat":"repeat","background-position":"center center","background-size":"auto","background-attachment":"scroll","background-type":"","background-media":"","overlay-type":"","overlay-color":"","overlay-opacity":"","overlay-gradient":""}},"ast-content-background-meta":{"desktop":{"background-color":"var(--ast-global-color-4)","background-image":"","background-repeat":"repeat","background-position":"center center","background-size":"auto","background-attachment":"scroll","background-type":"","background-media":"","overlay-type":"","overlay-color":"","overlay-opacity":"","overlay-gradient":""},"tablet":{"background-color":"var(--ast-global-color-4)","background-image":"","background-repeat":"repeat","background-position":"center center","background-size":"auto","background-attachment":"scroll","background-type":"","background-media":"","overlay-type":"","overlay-color":"","overlay-opacity":"","overlay-gradient":""},"mobile":{"background-color":"var(--ast-global-color-4)","background-image":"","background-repeat":"repeat","background-position":"center center","background-size":"auto","background-attachment":"scroll","background-type":"","background-media":"","overlay-type":"","overlay-color":"","overlay-opacity":"","overlay-gradient":""}},"_joinchat":[],"footnotes":""},"class_list":["post-587","page","type-page","status-publish","hentry"],"_hostinger_reach_plugin_has_subscription_block":false,"_hostinger_reach_plugin_is_elementor":false,"_links":{"self":[{"href":"https:\/\/amazonikajungletours.com\/en\/wp-json\/wp\/v2\/pages\/587","targetHints":{"allow":["GET"]}}],"collection":[{"href":"https:\/\/amazonikajungletours.com\/en\/wp-json\/wp\/v2\/pages"}],"about":[{"href":"https:\/\/amazonikajungletours.com\/en\/wp-json\/wp\/v2\/types\/page"}],"author":[{"embeddable":true,"href":"https:\/\/amazonikajungletours.com\/en\/wp-json\/wp\/v2\/users\/1"}],"replies":[{"embeddable":true,"href":"https:\/\/amazonikajungletours.com\/en\/wp-json\/wp\/v2\/comments?post=587"}],"version-history":[{"count":21,"href":"https:\/\/amazonikajungletours.com\/en\/wp-json\/wp\/v2\/pages\/587\/revisions"}],"predecessor-version":[{"id":1118,"href":"https:\/\/amazonikajungletours.com\/en\/wp-json\/wp\/v2\/pages\/587\/revisions\/1118"}],"wp:attachment":[{"href":"https:\/\/amazonikajungletours.com\/en\/wp-json\/wp\/v2\/media?parent=587"}],"curies":[{"name":"wp","href":"https:\/\/api.w.org\/{rel}","templated":true}]}}