{"id":586,"date":"2025-10-07T00:08:22","date_gmt":"2025-10-07T00:08:22","guid":{"rendered":"https:\/\/amazonikajungletours.com\/?page_id=586"},"modified":"2025-11-01T03:03:07","modified_gmt":"2025-11-01T03:03:07","slug":"tours-de-naturaleza","status":"publish","type":"page","link":"https:\/\/amazonikajungletours.com\/en\/tours-de-naturaleza\/","title":{"rendered":"tours de naturaleza en el amazonas colombiano"},"content":{"rendered":"<div data-elementor-type=\"wp-page\" data-elementor-id=\"586\" class=\"elementor elementor-586\">\n\t\t\t\t<div class=\"elementor-element elementor-element-037f26f e-flex e-con-boxed e-con e-parent\" data-id=\"037f26f\" data-element_type=\"container\" data-settings=\"{&quot;background_background&quot;:&quot;slideshow&quot;,&quot;background_slideshow_gallery&quot;:[{&quot;id&quot;:149,&quot;url&quot;:&quot;https:\\\/\\\/amazonikajungletours.com\\\/wp-content\\\/uploads\\\/2025\\\/09\\\/Sin-titulo-2-41.jpg&quot;},{&quot;id&quot;:157,&quot;url&quot;:&quot;https:\\\/\\\/amazonikajungletours.com\\\/wp-content\\\/uploads\\\/2025\\\/09\\\/Sin-titulo-2-49.jpg&quot;},{&quot;id&quot;:161,&quot;url&quot;:&quot;https:\\\/\\\/amazonikajungletours.com\\\/wp-content\\\/uploads\\\/2025\\\/09\\\/Sin-titulo-2-53.jpg&quot;}],&quot;background_slideshow_transition_duration&quot;:1000,&quot;background_slideshow_loop&quot;:&quot;yes&quot;,&quot;background_slideshow_slide_duration&quot;:5000,&quot;background_slideshow_slide_transition&quot;:&quot;fade&quot;}\">\n\t\t\t\t\t<div class=\"e-con-inner\">\n\t\t\t\t<div class=\"elementor-element elementor-element-4980459 animated-slow elementor-invisible elementor-widget elementor-widget-heading\" data-id=\"4980459\" data-element_type=\"widget\" data-settings=\"{&quot;_animation&quot;:&quot;fadeInDown&quot;}\" data-widget_type=\"heading.default\">\n\t\t\t\t\t<h2 class=\"elementor-heading-title elementor-size-default\">Nature Tours in the Colombian Amazon<\/h2>\t\t\t\t<\/div>\n\t\t\t\t<div class=\"elementor-element elementor-element-fac8226 animated-slow elementor-invisible elementor-widget elementor-widget-text-editor\" data-id=\"fac8226\" data-element_type=\"widget\" data-settings=\"{&quot;_animation&quot;:&quot;fadeInUp&quot;}\" data-widget_type=\"text-editor.default\">\n\t\t\t\t\t\t\t\t\t<p>Live the jungle, its rivers, and its magic through authentic experiences designed by local guides who love and protect this territory.<\/p>\t\t\t\t\t\t\t\t<\/div>\n\t\t\t\t\t<\/div>\n\t\t\t\t<\/div>\n\t\t<div class=\"elementor-element elementor-element-91cc92f e-flex e-con-boxed e-con e-parent\" data-id=\"91cc92f\" data-element_type=\"container\">\n\t\t\t\t\t<div class=\"e-con-inner\">\n\t\t\t\t<div class=\"elementor-element elementor-element-063f5c2 animated-slow elementor-invisible elementor-widget elementor-widget-heading\" data-id=\"063f5c2\" data-element_type=\"widget\" data-settings=\"{&quot;_animation&quot;:&quot;fadeInUp&quot;}\" data-widget_type=\"heading.default\">\n\t\t\t\t\t<h3 class=\"elementor-heading-title elementor-size-default\">Living Nature and Unique Experiences<\/h3>\t\t\t\t<\/div>\n\t\t\t\t<div class=\"elementor-element elementor-element-680cec9 animated-slow elementor-invisible elementor-widget elementor-widget-text-editor\" data-id=\"680cec9\" data-element_type=\"widget\" data-settings=\"{&quot;_animation&quot;:&quot;fadeInUp&quot;}\" data-widget_type=\"text-editor.default\">\n\t\t\t\t\t\t\t\t\t<p>Los <strong data-start=\"1250\" data-end=\"1286\">Nature tours by Amaz\u00f3nika<\/strong> invite you to connect with the incredible biodiversity of the Colombian Amazon.\nAccompanied by bilingual local guides, you\u2019ll explore pristine landscapes, natural reserves, and safe trails that reveal the heart of the jungle.\nEach tour is carefully designed so you can live the forest in an authentic and sustainable way.<\/p>\t\t\t\t\t\t\t\t<\/div>\n\t\t\t\t\t<\/div>\n\t\t\t\t<\/div>\n\t\t<div class=\"elementor-element elementor-element-3cc2293 e-flex e-con-boxed e-con e-parent\" data-id=\"3cc2293\" data-element_type=\"container\" data-settings=\"{&quot;background_background&quot;:&quot;classic&quot;}\">\n\t\t\t\t\t<div class=\"e-con-inner\">\n\t\t<div class=\"elementor-element elementor-element-45e222d e-con-full e-flex e-con e-child\" data-id=\"45e222d\" data-element_type=\"container\" data-settings=\"{&quot;background_background&quot;:&quot;slideshow&quot;,&quot;background_slideshow_gallery&quot;:[{&quot;id&quot;:143,&quot;url&quot;:&quot;https:\\\/\\\/amazonikajungletours.com\\\/wp-content\\\/uploads\\\/2025\\\/09\\\/Sin-titulo-2-36.jpg&quot;},{&quot;id&quot;:151,&quot;url&quot;:&quot;https:\\\/\\\/amazonikajungletours.com\\\/wp-content\\\/uploads\\\/2025\\\/09\\\/Sin-titulo-2-43.jpg&quot;},{&quot;id&quot;:152,&quot;url&quot;:&quot;https:\\\/\\\/amazonikajungletours.com\\\/wp-content\\\/uploads\\\/2025\\\/09\\\/Sin-titulo-2-44.jpg&quot;},{&quot;id&quot;:154,&quot;url&quot;:&quot;https:\\\/\\\/amazonikajungletours.com\\\/wp-content\\\/uploads\\\/2025\\\/09\\\/Sin-titulo-2-46.jpg&quot;},{&quot;id&quot;:160,&quot;url&quot;:&quot;https:\\\/\\\/amazonikajungletours.com\\\/wp-content\\\/uploads\\\/2025\\\/09\\\/Sin-titulo-2-52.jpg&quot;}],&quot;background_slideshow_loop&quot;:&quot;yes&quot;,&quot;background_slideshow_slide_duration&quot;:5000,&quot;background_slideshow_slide_transition&quot;:&quot;fade&quot;,&quot;background_slideshow_transition_duration&quot;:500}\">\n\t\t\t\t<\/div>\n\t\t<div class=\"elementor-element elementor-element-a264b5b e-con-full e-flex e-con e-child\" data-id=\"a264b5b\" data-element_type=\"container\">\n\t\t\t\t<div class=\"elementor-element elementor-element-7b20c7f elementor-invisible elementor-widget elementor-widget-heading\" data-id=\"7b20c7f\" data-element_type=\"widget\" data-settings=\"{&quot;_animation&quot;:&quot;fadeInRight&quot;}\" data-widget_type=\"heading.default\">\n\t\t\t\t\t<h2 class=\"elementor-heading-title elementor-size-default\">\ud83c\udf3f TOUR 1: Puerto Nari\u00f1o \u2013 The Magical Place (2D\/1N)<\/h2>\t\t\t\t<\/div>\n\t\t\t\t<div class=\"elementor-element elementor-element-96ac42a animated-slow elementor-invisible elementor-widget elementor-widget-text-editor\" data-id=\"96ac42a\" data-element_type=\"widget\" data-settings=\"{&quot;_animation&quot;:&quot;fadeInRight&quot;}\" data-widget_type=\"text-editor.default\">\n\t\t\t\t\t\t\t\t\t<p data-start=\"573\" data-end=\"1054\">Discover the ecological and cultural richness of Puerto Nari\u00f1o, a unique destination where no cars exist \u2014 only life in the jungle.\nDuring this 2-day experience, you\u2019ll explore miradores (viewpoints), walk through lush trails, sail along rivers and lakes, visit local communities like Coba, observe pink dolphins, and take a night walk in the jungle.\nAll experiences are guided by locals and include excellent meals and lodging in one of the best local hostels.\n\n\ud83d\udcb0 <strong data-start=\"1059\" data-end=\"1085\">Prices (per person):<\/strong><br data-start=\"1085\" data-end=\"1088\" \/>1 person: $400 USD (local guide) \/ $500 USD (with translator)<br data-start=\"1140\" data-end=\"1143\" \/>2 people: $275 USD \/ $325 USD<br data-start=\"1171\" data-end=\"1174\" \/>3 people: $253 USD \/ $286 USD<br data-start=\"1202\" data-end=\"1205\" \/>4 people 225 USD\/ 250 USD<br data-start=\"1233\" data-end=\"1236\" \/>5+ people: $200 USD \/ $225 USD<\/p><p data-start=\"1270\" data-end=\"1327\"><a href=\"https:\/\/drive.google.com\/file\/d\/1tyV7_Lz6vBhb6zw0K7tK0b1nbeGIcPYP\/view?usp=sharing\" target=\"_blank\" rel=\"noopener\">\ud83d\udd17 View full details<\/a><\/p>\t\t\t\t\t\t\t\t<\/div>\n\t\t\t\t<\/div>\n\t\t\t\t\t<\/div>\n\t\t\t\t<\/div>\n\t\t<div class=\"elementor-element elementor-element-75f6f41 e-flex e-con-boxed e-con e-parent\" data-id=\"75f6f41\" data-element_type=\"container\" data-settings=\"{&quot;background_background&quot;:&quot;classic&quot;}\">\n\t\t\t\t\t<div class=\"e-con-inner\">\n\t\t<div class=\"elementor-element elementor-element-dc014db e-con-full e-flex e-con e-child\" data-id=\"dc014db\" data-element_type=\"container\" data-settings=\"{&quot;background_background&quot;:&quot;slideshow&quot;,&quot;background_slideshow_gallery&quot;:[{&quot;id&quot;:175,&quot;url&quot;:&quot;https:\\\/\\\/amazonikajungletours.com\\\/wp-content\\\/uploads\\\/2025\\\/09\\\/Sin-titulo-3-8.jpg&quot;},{&quot;id&quot;:144,&quot;url&quot;:&quot;https:\\\/\\\/amazonikajungletours.com\\\/wp-content\\\/uploads\\\/2025\\\/09\\\/Sin-titulo-2-37.jpg&quot;},{&quot;id&quot;:150,&quot;url&quot;:&quot;https:\\\/\\\/amazonikajungletours.com\\\/wp-content\\\/uploads\\\/2025\\\/09\\\/Sin-titulo-2-42.jpg&quot;},{&quot;id&quot;:148,&quot;url&quot;:&quot;https:\\\/\\\/amazonikajungletours.com\\\/wp-content\\\/uploads\\\/2025\\\/09\\\/Sin-titulo-2-40.jpg&quot;},{&quot;id&quot;:153,&quot;url&quot;:&quot;https:\\\/\\\/amazonikajungletours.com\\\/wp-content\\\/uploads\\\/2025\\\/09\\\/Sin-titulo-2-45.jpg&quot;}],&quot;background_slideshow_loop&quot;:&quot;yes&quot;,&quot;background_slideshow_slide_duration&quot;:5000,&quot;background_slideshow_slide_transition&quot;:&quot;fade&quot;,&quot;background_slideshow_transition_duration&quot;:500}\">\n\t\t\t\t<\/div>\n\t\t<div class=\"elementor-element elementor-element-4aafb7c e-con-full e-flex e-con e-child\" data-id=\"4aafb7c\" data-element_type=\"container\">\n\t\t\t\t<div class=\"elementor-element elementor-element-25d7136 elementor-invisible elementor-widget elementor-widget-heading\" data-id=\"25d7136\" data-element_type=\"widget\" data-settings=\"{&quot;_animation&quot;:&quot;fadeInRight&quot;}\" data-widget_type=\"heading.default\">\n\t\t\t\t\t<h2 class=\"elementor-heading-title elementor-size-default\">\ud83c\udf0aTOUR 2: Puerto Nari\u00f1o &amp; The Magic of Tarapoto (3D\/2N)<\/h2>\t\t\t\t<\/div>\n\t\t\t\t<div class=\"elementor-element elementor-element-000f0cd animated-slow elementor-invisible elementor-widget elementor-widget-text-editor\" data-id=\"000f0cd\" data-element_type=\"widget\" data-settings=\"{&quot;_animation&quot;:&quot;fadeInRight&quot;}\" data-widget_type=\"text-editor.default\">\n\t\t\t\t\t\t\t\t\t<p data-start=\"2386\" data-end=\"2760\">Connect with the deepest nature on this 3-day tour of Puerto Nari\u00f1o and the majestic Lake Tarapoto. Walk through the jungle, sleep in traditional cabins without electricity, navigate lakes surrounded by wildlife, visit indigenous malocas, fish for piranhas, and experience the jungle day and night with a night safari. It's a complete, educational, and transformative experience.<\/p><p data-start=\"2762\" data-end=\"3016\">\ud83d\udcb0 <strong data-start=\"2765\" data-end=\"2791\">Prices (per person):<\/strong><br data-start=\"2791\" data-end=\"2794\" \/>\u2022 1 people: $662 USD (local guide + Per\u00fa) \/ $825 USD (with translator)<br data-start=\"2853\" data-end=\"2856\" \/>\u2022 2 people: $406 USD \/ $487 USD<br data-start=\"2884\" data-end=\"2887\" \/>\u2022 3 people: $370 USD \/ $425 USD<br data-start=\"2915\" data-end=\"2918\" \/>\u2022 4 people: $347 USD \/ $388 USD<br data-start=\"2946\" data-end=\"2949\" \/>\u2022 5 pax: $317 USD \/ $350 USD<br data-start=\"2977\" data-end=\"2980\" \/>\u2022 6 pople or more: $300 USD \/ $325 USD<\/p><p data-start=\"3018\" data-end=\"3075\"><a href=\"https:\/\/drive.google.com\/file\/d\/1NES5zgido3Ze4gwklZaHrxQqNOEQOeKw\/view?usp=drive_link\" target=\"_blank\" rel=\"noopener\">\ud83d\udd17 View full details<\/a><\/p>\t\t\t\t\t\t\t\t<\/div>\n\t\t\t\t<\/div>\n\t\t\t\t\t<\/div>\n\t\t\t\t<\/div>\n\t\t<div class=\"elementor-element elementor-element-8e43a70 e-flex e-con-boxed e-con e-parent\" data-id=\"8e43a70\" data-element_type=\"container\" data-settings=\"{&quot;background_background&quot;:&quot;classic&quot;}\">\n\t\t\t\t\t<div class=\"e-con-inner\">\n\t\t<div class=\"elementor-element elementor-element-e4c51ec e-con-full e-flex e-con e-child\" data-id=\"e4c51ec\" data-element_type=\"container\" data-settings=\"{&quot;background_background&quot;:&quot;slideshow&quot;,&quot;background_slideshow_gallery&quot;:[{&quot;id&quot;:190,&quot;url&quot;:&quot;https:\\\/\\\/amazonikajungletours.com\\\/wp-content\\\/uploads\\\/2025\\\/09\\\/Sin-titulo-3-24.jpg&quot;},{&quot;id&quot;:188,&quot;url&quot;:&quot;https:\\\/\\\/amazonikajungletours.com\\\/wp-content\\\/uploads\\\/2025\\\/09\\\/Sin-titulo-3-22.jpg&quot;},{&quot;id&quot;:183,&quot;url&quot;:&quot;https:\\\/\\\/amazonikajungletours.com\\\/wp-content\\\/uploads\\\/2025\\\/09\\\/Sin-titulo-3-17.jpg&quot;},{&quot;id&quot;:186,&quot;url&quot;:&quot;https:\\\/\\\/amazonikajungletours.com\\\/wp-content\\\/uploads\\\/2025\\\/09\\\/Sin-titulo-3-20.jpg&quot;},{&quot;id&quot;:193,&quot;url&quot;:&quot;https:\\\/\\\/amazonikajungletours.com\\\/wp-content\\\/uploads\\\/2025\\\/09\\\/Sin-titulo-3-27.jpg&quot;}],&quot;background_slideshow_loop&quot;:&quot;yes&quot;,&quot;background_slideshow_slide_duration&quot;:5000,&quot;background_slideshow_slide_transition&quot;:&quot;fade&quot;,&quot;background_slideshow_transition_duration&quot;:500}\">\n\t\t\t\t<\/div>\n\t\t<div class=\"elementor-element elementor-element-28be168 e-con-full e-flex e-con e-child\" data-id=\"28be168\" data-element_type=\"container\">\n\t\t\t\t<div class=\"elementor-element elementor-element-102b55b elementor-invisible elementor-widget elementor-widget-heading\" data-id=\"102b55b\" data-element_type=\"widget\" data-settings=\"{&quot;_animation&quot;:&quot;fadeInRight&quot;}\" data-widget_type=\"heading.default\">\n\t\t\t\t\t<h2 class=\"elementor-heading-title elementor-size-default\">\ud83d\udc3e TOUR 3: CROSSING BORDERS (4D\/3N)<\/h2>\t\t\t\t<\/div>\n\t\t\t\t<div class=\"elementor-element elementor-element-6da6c8a animated-slow elementor-invisible elementor-widget elementor-widget-text-editor\" data-id=\"6da6c8a\" data-element_type=\"widget\" data-settings=\"{&quot;_animation&quot;:&quot;fadeInRight&quot;}\" data-widget_type=\"text-editor.default\">\n\t\t\t\t\t\t\t\t\t<p data-start=\"4056\" data-end=\"4422\">This binational tour takes you through Colombia and Peru in 4 days of deep exploration. You will sleep in malocas, cabins, and a hotel, meet the indigenous community of San Antonio, navigate lakes and rivers, fish for piranhas, observe dolphins, and walk among sacred trees. A total experience that blends culture, nature, and tradition on both sides of the Amazon.<\/p><p data-start=\"4424\" data-end=\"4680\">\ud83d\udcb0 <strong data-start=\"4427\" data-end=\"4453\">Prices (per person):<\/strong><br data-start=\"4453\" data-end=\"4456\" \/>\u2022 1 people: $875 USD (local guide + Per\u00fa) \/ $1,088 USD (with translator)<br data-start=\"4517\" data-end=\"4520\" \/>\u2022 2 people: $544 USD \/ $650 USD<br data-start=\"4548\" data-end=\"4551\" \/>\u2022 3 people: $442 USD \/ $512 USD<br data-start=\"4579\" data-end=\"4582\" \/>\u2022 4 people: $422 USD \/ $475 USD<br data-start=\"4610\" data-end=\"4613\" \/>\u2022 5 people: $383 USD \/ $425 USD<br data-start=\"4641\" data-end=\"4644\" \/>\u2022 6 people or more: $350 USD \/ $375 USD<\/p><p data-start=\"4682\" data-end=\"4739\"><a href=\"https:\/\/drive.google.com\/file\/d\/1_U_KGDVUino7xo18dVLN2gJKa-KGfslE\/view?usp=drive_link\" target=\"_blank\" rel=\"noopener\">\ud83d\udd17 View full details<\/a><\/p>\t\t\t\t\t\t\t\t<\/div>\n\t\t\t\t<\/div>\n\t\t\t\t\t<\/div>\n\t\t\t\t<\/div>\n\t\t<div class=\"elementor-element elementor-element-b29241b e-flex e-con-boxed e-con e-parent\" data-id=\"b29241b\" data-element_type=\"container\" data-settings=\"{&quot;background_background&quot;:&quot;slideshow&quot;,&quot;background_slideshow_gallery&quot;:[{&quot;id&quot;:197,&quot;url&quot;:&quot;https:\\\/\\\/amazonikajungletours.com\\\/wp-content\\\/uploads\\\/2025\\\/09\\\/Sin-titulo-3.jpg&quot;}],&quot;background_slideshow_loop&quot;:&quot;yes&quot;,&quot;background_slideshow_slide_duration&quot;:5000,&quot;background_slideshow_slide_transition&quot;:&quot;fade&quot;,&quot;background_slideshow_transition_duration&quot;:500}\">\n\t\t\t\t\t<div class=\"e-con-inner\">\n\t\t\t\t<div class=\"elementor-element elementor-element-3b80c3e animated-slow elementor-invisible elementor-widget elementor-widget-heading\" data-id=\"3b80c3e\" data-element_type=\"widget\" data-settings=\"{&quot;_animation&quot;:&quot;fadeInUp&quot;}\" data-widget_type=\"heading.default\">\n\t\t\t\t\t<h2 class=\"elementor-heading-title elementor-size-default\">Explore, feel, and learn. Our nature tours connect you with the essence of the Colombian Amazon, where every step reveals life in its purest form.<\/h2>\t\t\t\t<\/div>\n\t\t\t\t<div class=\"elementor-element elementor-element-7cd49e3 elementor-button-info elementor-align-center animated-slow elementor-invisible elementor-widget elementor-widget-button\" data-id=\"7cd49e3\" data-element_type=\"widget\" data-settings=\"{&quot;_animation&quot;:&quot;fadeInUp&quot;}\" data-widget_type=\"button.default\">\n\t\t\t\t\t\t\t\t\t\t<a class=\"elementor-button elementor-button-link elementor-size-sm\" href=\"https:\/\/amazonikajungletours.com\/en\/contacto\/\" target=\"_blank\">\n\t\t\t\t\t\t<span class=\"elementor-button-content-wrapper\">\n\t\t\t\t\t\t<span class=\"elementor-button-icon\">\n\t\t\t\t<svg aria-hidden=\"true\" class=\"e-font-icon-svg e-far-arrow-alt-circle-right\" viewbox=\"0 0 512 512\" xmlns=\"http:\/\/www.w3.org\/2000\/svg\"><path d=\"M504 256C504 119 393 8 256 8S8 119 8 256s111 248 248 248 248-111 248-248zm-448 0c0-110.5 89.5-200 200-200s200 89.5 200 200-89.5 200-200 200S56 366.5 56 256zm72 20v-40c0-6.6 5.4-12 12-12h116v-67c0-10.7 12.9-16 20.5-8.5l99 99c4.7 4.7 4.7 12.3 0 17l-99 99c-7.6 7.6-20.5 2.2-20.5-8.5v-67H140c-6.6 0-12-5.4-12-12z\"><\/path><\/svg>\t\t\t<\/span>\n\t\t\t\t\t\t\t\t\t<span class=\"elementor-button-text\">Reserve your experience<\/span>\n\t\t\t\t\t<\/span>\n\t\t\t\t\t<\/a>\n\t\t\t\t\t\t\t\t<\/div>\n\t\t\t\t\t<\/div>\n\t\t\t\t<\/div>\n\t\t\t\t<\/div>","protected":false},"excerpt":{"rendered":"<p>Tours de naturaleza en el Amazonas colombiano Vive la selva, sus r\u00edos y su magia a trav\u00e9s de experiencias aut\u00e9nticas [&hellip;]<\/p>","protected":false},"author":1,"featured_media":0,"parent":0,"menu_order":0,"comment_status":"closed","ping_status":"closed","template":"","meta":{"site-sidebar-layout":"no-sidebar","site-content-layout":"","ast-site-content-layout":"full-width-container","site-content-style":"default","site-sidebar-style":"default","ast-global-header-display":"","ast-banner-title-visibility":"","ast-main-header-display":"","ast-hfb-above-header-display":"","ast-hfb-below-header-display":"","ast-hfb-mobile-header-display":"","site-post-title":"disabled","ast-breadcrumbs-content":"","ast-featured-img":"disabled","footer-sml-layout":"","ast-disable-related-posts":"","theme-transparent-header-meta":"","adv-header-id-meta":"","stick-header-meta":"","header-above-stick-meta":"","header-main-stick-meta":"","header-below-stick-meta":"","astra-migrate-meta-layouts":"default","ast-page-background-enabled":"default","ast-page-background-meta":{"desktop":{"background-color":"var(--ast-global-color-5)","background-image":"","background-repeat":"repeat","background-position":"center center","background-size":"auto","background-attachment":"scroll","background-type":"","background-media":"","overlay-type":"","overlay-color":"","overlay-opacity":"","overlay-gradient":""},"tablet":{"background-color":"","background-image":"","background-repeat":"repeat","background-position":"center center","background-size":"auto","background-attachment":"scroll","background-type":"","background-media":"","overlay-type":"","overlay-color":"","overlay-opacity":"","overlay-gradient":""},"mobile":{"background-color":"","background-image":"","background-repeat":"repeat","background-position":"center center","background-size":"auto","background-attachment":"scroll","background-type":"","background-media":"","overlay-type":"","overlay-color":"","overlay-opacity":"","overlay-gradient":""}},"ast-content-background-meta":{"desktop":{"background-color":"var(--ast-global-color-4)","background-image":"","background-repeat":"repeat","background-position":"center center","background-size":"auto","background-attachment":"scroll","background-type":"","background-media":"","overlay-type":"","overlay-color":"","overlay-opacity":"","overlay-gradient":""},"tablet":{"background-color":"var(--ast-global-color-4)","background-image":"","background-repeat":"repeat","background-position":"center center","background-size":"auto","background-attachment":"scroll","background-type":"","background-media":"","overlay-type":"","overlay-color":"","overlay-opacity":"","overlay-gradient":""},"mobile":{"background-color":"var(--ast-global-color-4)","background-image":"","background-repeat":"repeat","background-position":"center center","background-size":"auto","background-attachment":"scroll","background-type":"","background-media":"","overlay-type":"","overlay-color":"","overlay-opacity":"","overlay-gradient":""}},"_joinchat":[],"footnotes":""},"class_list":["post-586","page","type-page","status-publish","hentry"],"_hostinger_reach_plugin_has_subscription_block":false,"_hostinger_reach_plugin_is_elementor":false,"_links":{"self":[{"href":"https:\/\/amazonikajungletours.com\/en\/wp-json\/wp\/v2\/pages\/586","targetHints":{"allow":["GET"]}}],"collection":[{"href":"https:\/\/amazonikajungletours.com\/en\/wp-json\/wp\/v2\/pages"}],"about":[{"href":"https:\/\/amazonikajungletours.com\/en\/wp-json\/wp\/v2\/types\/page"}],"author":[{"embeddable":true,"href":"https:\/\/amazonikajungletours.com\/en\/wp-json\/wp\/v2\/users\/1"}],"replies":[{"embeddable":true,"href":"https:\/\/amazonikajungletours.com\/en\/wp-json\/wp\/v2\/comments?post=586"}],"version-history":[{"count":54,"href":"https:\/\/amazonikajungletours.com\/en\/wp-json\/wp\/v2\/pages\/586\/revisions"}],"predecessor-version":[{"id":1110,"href":"https:\/\/amazonikajungletours.com\/en\/wp-json\/wp\/v2\/pages\/586\/revisions\/1110"}],"wp:attachment":[{"href":"https:\/\/amazonikajungletours.com\/en\/wp-json\/wp\/v2\/media?parent=586"}],"curies":[{"name":"wp","href":"https:\/\/api.w.org\/{rel}","templated":true}]}}