{"id":15,"date":"2025-09-15T22:41:33","date_gmt":"2025-09-15T22:41:33","guid":{"rendered":"https:\/\/amazonikajungletours.com\/?page_id=15"},"modified":"2025-11-26T14:44:22","modified_gmt":"2025-11-26T14:44:22","slug":"sobre-nosostros","status":"publish","type":"page","link":"https:\/\/amazonikajungletours.com\/en\/sobre-nosostros\/","title":{"rendered":"About Us"},"content":{"rendered":"<div data-elementor-type=\"wp-page\" data-elementor-id=\"15\" class=\"elementor elementor-15\">\n\t\t\t\t<div class=\"elementor-element elementor-element-94bff40 e-flex e-con-boxed e-con e-parent\" data-id=\"94bff40\" data-element_type=\"container\" data-settings=\"{&quot;background_background&quot;:&quot;slideshow&quot;,&quot;background_slideshow_gallery&quot;:[{&quot;id&quot;:222,&quot;url&quot;:&quot;https:\\\/\\\/amazonikajungletours.com\\\/wp-content\\\/uploads\\\/2025\\\/09\\\/Sin-titulo-5-14.jpg&quot;}],&quot;background_slideshow_loop&quot;:&quot;yes&quot;,&quot;background_slideshow_slide_duration&quot;:5000,&quot;background_slideshow_slide_transition&quot;:&quot;fade&quot;,&quot;background_slideshow_transition_duration&quot;:500}\">\n\t\t\t\t\t<div class=\"e-con-inner\">\n\t\t\t\t<div class=\"elementor-element elementor-element-cdac08c animated-slow elementor-invisible elementor-widget elementor-widget-heading\" data-id=\"cdac08c\" data-element_type=\"widget\" data-settings=\"{&quot;_animation&quot;:&quot;fadeInUp&quot;}\" data-widget_type=\"heading.default\">\n\t\t\t\t\t<h1 class=\"elementor-heading-title elementor-size-default\">About Us-Amazonika<\/h1>\t\t\t\t<\/div>\n\t\t\t\t<div class=\"elementor-element elementor-element-729a689 animated-slow elementor-invisible elementor-widget elementor-widget-heading\" data-id=\"729a689\" data-element_type=\"widget\" data-settings=\"{&quot;_animation&quot;:&quot;fadeInUp&quot;}\" data-widget_type=\"heading.default\">\n\t\t\t\t\t<h2 class=\"elementor-heading-title elementor-size-default\">Amazon Tourism in Colombia with Local Identity and Sustainable Purpose<\/h2>\t\t\t\t<\/div>\n\t\t\t\t\t<\/div>\n\t\t\t\t<\/div>\n\t\t<div class=\"elementor-element elementor-element-1254c70 e-flex e-con-boxed e-con e-parent\" data-id=\"1254c70\" data-element_type=\"container\">\n\t\t\t\t\t<div class=\"e-con-inner\">\n\t\t<div class=\"elementor-element elementor-element-88e2f2a e-con-full e-flex e-con e-child\" data-id=\"88e2f2a\" data-element_type=\"container\">\n\t\t\t\t<div class=\"elementor-element elementor-element-8a98edd animated-slow elementor-invisible elementor-widget elementor-widget-heading\" data-id=\"8a98edd\" data-element_type=\"widget\" data-settings=\"{&quot;_animation&quot;:&quot;fadeInLeft&quot;}\" data-widget_type=\"heading.default\">\n\t\t\t\t\t<h2 class=\"elementor-heading-title elementor-size-default\">A project born in the heart of the Amazon<\/h2>\t\t\t\t<\/div>\n\t\t\t\t<div class=\"elementor-element elementor-element-ab59ca2 animated-slow elementor-invisible elementor-widget elementor-widget-image\" data-id=\"ab59ca2\" data-element_type=\"widget\" data-settings=\"{&quot;_animation&quot;:&quot;fadeInLeft&quot;}\" data-widget_type=\"image.default\">\n\t\t\t\t\t\t\t\t\t\t\t\t\t\t\t<img fetchpriority=\"high\" decoding=\"async\" width=\"1024\" height=\"1024\" src=\"https:\/\/amazonikajungletours.com\/wp-content\/uploads\/2025\/09\/Sin-titulo-3-20.jpg\" class=\"attachment-large size-large wp-image-186\" alt=\"\" srcset=\"https:\/\/amazonikajungletours.com\/wp-content\/uploads\/2025\/09\/Sin-titulo-3-20.jpg 1024w, https:\/\/amazonikajungletours.com\/wp-content\/uploads\/2025\/09\/Sin-titulo-3-20-300x300.jpg 300w, https:\/\/amazonikajungletours.com\/wp-content\/uploads\/2025\/09\/Sin-titulo-3-20-150x150.jpg 150w, https:\/\/amazonikajungletours.com\/wp-content\/uploads\/2025\/09\/Sin-titulo-3-20-768x768.jpg 768w\" sizes=\"(max-width: 1024px) 100vw, 1024px\" \/>\t\t\t\t\t\t\t\t\t\t\t\t\t\t\t<\/div>\n\t\t\t\t<\/div>\n\t\t<div class=\"elementor-element elementor-element-e76bdef e-con-full e-flex e-con e-child\" data-id=\"e76bdef\" data-element_type=\"container\">\n\t\t\t\t<div class=\"elementor-element elementor-element-be67359 animated-slow elementor-invisible elementor-widget elementor-widget-text-editor\" data-id=\"be67359\" data-element_type=\"widget\" data-settings=\"{&quot;_animation&quot;:&quot;fadeInRight&quot;}\" data-widget_type=\"text-editor.default\">\n\t\t\t\t\t\t\t\t\t<p data-start=\"329\" data-end=\"635\" class=\"translation-block\">At Amaz\u00f3nika, we work with local Colombian guides to strengthen sustainable tourism in the Amazon region.\nWe believe that travel should create a real connection with the territory \u2014 one that inspires people to protect the land and value the ancestral cultures that live in harmony with it.<\/p><p data-start=\"637\" data-end=\"907\">Our nature tours are not only exciting \u2014 they\u2019re experiences full of meaning.\nWe seek to connect travelers with nature, local families, and Indigenous traditions through respectful and authentic interactions.<\/p><p data-start=\"909\" data-end=\"1008\">\u201cWhen we walk together as a family, the jungle opens its heart and teaches us respect, love, and gratitude.\u201d<\/p>\t\t\t\t\t\t\t\t<\/div>\n\t\t\t\t<div class=\"elementor-element elementor-element-28d0b22 elementor-button-info elementor-align-center animated-slow elementor-invisible elementor-widget elementor-widget-button\" data-id=\"28d0b22\" data-element_type=\"widget\" data-settings=\"{&quot;_animation&quot;:&quot;fadeInUp&quot;}\" data-widget_type=\"button.default\">\n\t\t\t\t\t\t\t\t\t\t<a class=\"elementor-button elementor-button-link elementor-size-sm\" href=\"https:\/\/amazonikajungletours.com\/en\/contacto\/\" target=\"_blank\">\n\t\t\t\t\t\t<span class=\"elementor-button-content-wrapper\">\n\t\t\t\t\t\t<span class=\"elementor-button-icon\">\n\t\t\t\t<svg aria-hidden=\"true\" class=\"e-font-icon-svg e-far-arrow-alt-circle-right\" viewbox=\"0 0 512 512\" xmlns=\"http:\/\/www.w3.org\/2000\/svg\"><path d=\"M504 256C504 119 393 8 256 8S8 119 8 256s111 248 248 248 248-111 248-248zm-448 0c0-110.5 89.5-200 200-200s200 89.5 200 200-89.5 200-200 200S56 366.5 56 256zm72 20v-40c0-6.6 5.4-12 12-12h116v-67c0-10.7 12.9-16 20.5-8.5l99 99c4.7 4.7 4.7 12.3 0 17l-99 99c-7.6 7.6-20.5 2.2-20.5-8.5v-67H140c-6.6 0-12-5.4-12-12z\"><\/path><\/svg>\t\t\t<\/span>\n\t\t\t\t\t\t\t\t\t<span class=\"elementor-button-text\">Book Your Tour Now<\/span>\n\t\t\t\t\t<\/span>\n\t\t\t\t\t<\/a>\n\t\t\t\t\t\t\t\t<\/div>\n\t\t\t\t<\/div>\n\t\t\t\t\t<\/div>\n\t\t\t\t<\/div>\n\t\t<div class=\"elementor-element elementor-element-e7bab51 e-flex e-con-boxed e-con e-parent\" data-id=\"e7bab51\" data-element_type=\"container\" data-settings=\"{&quot;background_background&quot;:&quot;classic&quot;}\">\n\t\t\t\t\t<div class=\"e-con-inner\">\n\t\t<div class=\"elementor-element elementor-element-e3487a4 e-con-full e-flex e-con e-child\" data-id=\"e3487a4\" data-element_type=\"container\">\n\t\t\t\t<div class=\"elementor-element elementor-element-46e7c78 animated-slow elementor-invisible elementor-widget elementor-widget-heading\" data-id=\"46e7c78\" data-element_type=\"widget\" data-settings=\"{&quot;_animation&quot;:&quot;fadeInLeft&quot;}\" data-widget_type=\"heading.default\">\n\t\t\t\t\t<h2 class=\"elementor-heading-title elementor-size-default\">Our Mission<\/h2>\t\t\t\t<\/div>\n\t\t\t\t<div class=\"elementor-element elementor-element-a5c36d7 animated-slow elementor-invisible elementor-widget elementor-widget-text-editor\" data-id=\"a5c36d7\" data-element_type=\"widget\" data-settings=\"{&quot;_animation&quot;:&quot;fadeInLeft&quot;}\" data-widget_type=\"text-editor.default\">\n\t\t\t\t\t\t\t\t\t<p>Our mission is to offer authentic Amazon tourism experiences in Colombia, where each visit becomes a bridge of connection with nature, local communities, and Indigenous culture.<\/p>\t\t\t\t\t\t\t\t<\/div>\n\t\t\t\t<\/div>\n\t\t<div class=\"elementor-element elementor-element-665a9cc e-con-full e-flex e-con e-child\" data-id=\"665a9cc\" data-element_type=\"container\">\n\t\t\t\t<div class=\"elementor-element elementor-element-084ea9e animated-slow elementor-invisible elementor-widget elementor-widget-heading\" data-id=\"084ea9e\" data-element_type=\"widget\" data-settings=\"{&quot;_animation&quot;:&quot;fadeInRight&quot;}\" data-widget_type=\"heading.default\">\n\t\t\t\t\t<h2 class=\"elementor-heading-title elementor-size-default\">Our Vision<\/h2>\t\t\t\t<\/div>\n\t\t\t\t<div class=\"elementor-element elementor-element-8180c06 animated-slow elementor-invisible elementor-widget elementor-widget-text-editor\" data-id=\"8180c06\" data-element_type=\"widget\" data-settings=\"{&quot;_animation&quot;:&quot;fadeInRight&quot;}\" data-widget_type=\"text-editor.default\">\n\t\t\t\t\t\t\t\t\t<p>Our vision is to be a bridge between travelers and the Amazon, promoting responsible and transformative tourism that benefits local families and protects biodiversity.<\/p>\t\t\t\t\t\t\t\t<\/div>\n\t\t\t\t<\/div>\n\t\t\t\t\t<\/div>\n\t\t\t\t<\/div>\n\t\t<div class=\"elementor-element elementor-element-de2a35c e-flex e-con-boxed e-con e-parent\" data-id=\"de2a35c\" data-element_type=\"container\">\n\t\t\t\t\t<div class=\"e-con-inner\">\n\t\t\t\t<div class=\"elementor-element elementor-element-656f14b animated-slow elementor-invisible elementor-widget elementor-widget-heading\" data-id=\"656f14b\" data-element_type=\"widget\" data-settings=\"{&quot;_animation&quot;:&quot;fadeInUp&quot;}\" data-widget_type=\"heading.default\">\n\t\t\t\t\t<h2 class=\"elementor-heading-title elementor-size-default\">Our Team<\/h2>\t\t\t\t<\/div>\n\t\t\t\t<div class=\"elementor-element elementor-element-28f6d59 animated-slow elementor-invisible elementor-widget elementor-widget-heading\" data-id=\"28f6d59\" data-element_type=\"widget\" data-settings=\"{&quot;_animation&quot;:&quot;fadeInUp&quot;}\" data-widget_type=\"heading.default\">\n\t\t\t\t\t<h3 class=\"elementor-heading-title elementor-size-default\">Behind Amaz\u00f3nika are passionate people who love the jungle and proudly share it with the world.\nOur team combines bilingual guides and locals who know the territory, its history, and its traditions.\nWe believe in collaborative tourism, where each experience gives back to the community.<\/h3>\t\t\t\t<\/div>\n\t\t\t\t\t<\/div>\n\t\t\t\t<\/div>\n\t\t<div class=\"elementor-element elementor-element-5b0a429 e-flex e-con-boxed e-con e-parent\" data-id=\"5b0a429\" data-element_type=\"container\">\n\t\t\t\t\t<div class=\"e-con-inner\">\n\t\t<div class=\"elementor-element elementor-element-b20c894 e-con-full animated-slow e-flex elementor-invisible e-con e-child\" data-id=\"b20c894\" data-element_type=\"container\" data-settings=\"{&quot;background_background&quot;:&quot;slideshow&quot;,&quot;background_slideshow_gallery&quot;:[{&quot;id&quot;:212,&quot;url&quot;:&quot;https:\\\/\\\/amazonikajungletours.com\\\/wp-content\\\/uploads\\\/2025\\\/09\\\/Sin-titulo-5-4.jpg&quot;}],&quot;animation&quot;:&quot;fadeInLeft&quot;,&quot;background_slideshow_loop&quot;:&quot;yes&quot;,&quot;background_slideshow_slide_duration&quot;:5000,&quot;background_slideshow_slide_transition&quot;:&quot;fade&quot;,&quot;background_slideshow_transition_duration&quot;:500}\">\n\t\t\t\t<\/div>\n\t\t<div class=\"elementor-element elementor-element-1b177be e-con-full e-flex e-con e-child\" data-id=\"1b177be\" data-element_type=\"container\">\n\t\t\t\t<div class=\"elementor-element elementor-element-d583f0a animated-slow elementor-invisible elementor-widget elementor-widget-heading\" data-id=\"d583f0a\" data-element_type=\"widget\" data-settings=\"{&quot;_animation&quot;:&quot;fadeInRight&quot;}\" data-widget_type=\"heading.default\">\n\t\t\t\t\t<h3 class=\"elementor-heading-title elementor-size-default\">Ashere Xcaret<\/h3>\t\t\t\t<\/div>\n\t\t\t\t<div class=\"elementor-element elementor-element-5619cf8 animated-slow elementor-invisible elementor-widget elementor-widget-heading\" data-id=\"5619cf8\" data-element_type=\"widget\" data-settings=\"{&quot;_animation&quot;:&quot;fadeInRight&quot;}\" data-widget_type=\"heading.default\">\n\t\t\t\t\t<h5 class=\"elementor-heading-title elementor-size-default\">The Heart of Amaz\u00f3nika<\/h5>\t\t\t\t<\/div>\n\t\t\t\t<div class=\"elementor-element elementor-element-08a0898 elementor-invisible elementor-widget elementor-widget-text-editor\" data-id=\"08a0898\" data-element_type=\"widget\" data-settings=\"{&quot;_animation&quot;:&quot;fadeInRight&quot;}\" data-widget_type=\"text-editor.default\">\n\t\t\t\t\t\t\t\t\t<p>Ashere is my daughter and my deepest inspiration.\nThrough her, I\u2019ve learned that the true magic of the jungle lies in protecting life and growing with gratitude.\nShe reminds us that nature is sacred and that each step we take must honor it.\nAshere is the light that guides the heart of Amaz\u00f3nika \u2014 her joy and curiosity remind us why we protect this land and share its wisdom.<\/p>\t\t\t\t\t\t\t\t<\/div>\n\t\t\t\t<\/div>\n\t\t\t\t\t<\/div>\n\t\t\t\t<\/div>\n\t\t<div class=\"elementor-element elementor-element-3b28ba1 e-flex e-con-boxed e-con e-parent\" data-id=\"3b28ba1\" data-element_type=\"container\">\n\t\t\t\t\t<div class=\"e-con-inner\">\n\t\t<div class=\"elementor-element elementor-element-8650469 e-con-full animated-slow e-flex elementor-invisible e-con e-child\" data-id=\"8650469\" data-element_type=\"container\" data-settings=\"{&quot;background_background&quot;:&quot;slideshow&quot;,&quot;background_slideshow_gallery&quot;:[{&quot;id&quot;:199,&quot;url&quot;:&quot;https:\\\/\\\/amazonikajungletours.com\\\/wp-content\\\/uploads\\\/2025\\\/09\\\/Sin-titulo-4-2.jpg&quot;}],&quot;animation&quot;:&quot;fadeInRight&quot;,&quot;background_slideshow_loop&quot;:&quot;yes&quot;,&quot;background_slideshow_slide_duration&quot;:5000,&quot;background_slideshow_slide_transition&quot;:&quot;fade&quot;,&quot;background_slideshow_transition_duration&quot;:500}\">\n\t\t\t\t<\/div>\n\t\t<div class=\"elementor-element elementor-element-f3b94fa e-con-full e-flex e-con e-child\" data-id=\"f3b94fa\" data-element_type=\"container\" data-settings=\"{&quot;background_background&quot;:&quot;slideshow&quot;,&quot;background_slideshow_gallery&quot;:[],&quot;background_slideshow_loop&quot;:&quot;yes&quot;,&quot;background_slideshow_slide_duration&quot;:5000,&quot;background_slideshow_slide_transition&quot;:&quot;fade&quot;,&quot;background_slideshow_transition_duration&quot;:500}\">\n\t\t\t\t<div class=\"elementor-element elementor-element-ac6fa3b animated-slow elementor-invisible elementor-widget elementor-widget-heading\" data-id=\"ac6fa3b\" data-element_type=\"widget\" data-settings=\"{&quot;_animation&quot;:&quot;fadeInRight&quot;}\" data-widget_type=\"heading.default\">\n\t\t\t\t\t<h3 class=\"elementor-heading-title elementor-size-default\"><a href=\"https:\/\/amazonikajungletours.com\/en\/bio\/\">Hamilton Cetina<\/a><\/h3>\t\t\t\t<\/div>\n\t\t\t\t<div class=\"elementor-element elementor-element-4f17f39 animated-slow elementor-invisible elementor-widget elementor-widget-heading\" data-id=\"4f17f39\" data-element_type=\"widget\" data-settings=\"{&quot;_animation&quot;:&quot;fadeInRight&quot;}\" data-widget_type=\"heading.default\">\n\t\t\t\t\t<h5 class=\"elementor-heading-title elementor-size-default\">Founder and Bilingual Guide<\/h5>\t\t\t\t<\/div>\n\t\t\t\t<div class=\"elementor-element elementor-element-4c4527e animated-slow elementor-invisible elementor-widget elementor-widget-text-editor\" data-id=\"4c4527e\" data-element_type=\"widget\" data-settings=\"{&quot;_animation&quot;:&quot;fadeInRight&quot;}\" data-widget_type=\"text-editor.default\">\n\t\t\t\t\t\t\t\t\t<p>I\u2019m Hamilton, creator of Amaz\u00f3nika \u2014 a traveler, artisan, and jungle guide who found a home in Puerto Nari\u00f1o.\nMy path has been one of exploration, learning, and deep connection with Indigenous communities and Amazonian traditions.\nAmaz\u00f3nika was born as a project of gratitude \u2014 a way to give back to the jungle everything it has taught me, by creating authentic and transformative experiences.<br data-start=\"640\" data-end=\"643\" \/>For me, every traveler who joins our tours becomes part of this journey of awareness and love for the Amazon.<\/p>\t\t\t\t\t\t\t\t<\/div>\n\t\t\t\t<\/div>\n\t\t\t\t\t<\/div>\n\t\t\t\t<\/div>\n\t\t<div class=\"elementor-element elementor-element-92be569 e-flex e-con-boxed e-con e-parent\" data-id=\"92be569\" data-element_type=\"container\">\n\t\t\t\t\t<div class=\"e-con-inner\">\n\t\t<div class=\"elementor-element elementor-element-490303c e-con-full animated-slow e-flex elementor-invisible e-con e-child\" data-id=\"490303c\" data-element_type=\"container\" data-settings=\"{&quot;background_background&quot;:&quot;slideshow&quot;,&quot;background_slideshow_gallery&quot;:[{&quot;id&quot;:213,&quot;url&quot;:&quot;https:\\\/\\\/amazonikajungletours.com\\\/wp-content\\\/uploads\\\/2025\\\/09\\\/Sin-titulo-5-5.jpg&quot;}],&quot;animation&quot;:&quot;fadeInLeft&quot;,&quot;background_slideshow_loop&quot;:&quot;yes&quot;,&quot;background_slideshow_slide_duration&quot;:5000,&quot;background_slideshow_slide_transition&quot;:&quot;fade&quot;,&quot;background_slideshow_transition_duration&quot;:500}\">\n\t\t\t\t<\/div>\n\t\t<div class=\"elementor-element elementor-element-d5fb401 e-con-full e-flex e-con e-child\" data-id=\"d5fb401\" data-element_type=\"container\">\n\t\t\t\t<div class=\"elementor-element elementor-element-f894c6c animated-slow elementor-invisible elementor-widget elementor-widget-heading\" data-id=\"f894c6c\" data-element_type=\"widget\" data-settings=\"{&quot;_animation&quot;:&quot;fadeInRight&quot;}\" data-widget_type=\"heading.default\">\n\t\t\t\t\t<h3 class=\"elementor-heading-title elementor-size-default\"><a href=\"https:\/\/amazonikajungletours.com\/en\/bio-willy\/\">Willy Laulate<\/a><\/h3>\t\t\t\t<\/div>\n\t\t\t\t<div class=\"elementor-element elementor-element-35f56c3 animated-slow elementor-invisible elementor-widget elementor-widget-heading\" data-id=\"35f56c3\" data-element_type=\"widget\" data-settings=\"{&quot;_animation&quot;:&quot;fadeInRight&quot;}\" data-widget_type=\"heading.default\">\n\t\t\t\t\t<h5 class=\"elementor-heading-title elementor-size-default\">Coordinator and Guardian of the Jungle<\/h5>\t\t\t\t<\/div>\n\t\t\t\t<div class=\"elementor-element elementor-element-3d09c7e animated-slow elementor-invisible elementor-widget elementor-widget-text-editor\" data-id=\"3d09c7e\" data-element_type=\"widget\" data-settings=\"{&quot;_animation&quot;:&quot;fadeInRight&quot;}\" data-widget_type=\"text-editor.default\">\n\t\t\t\t\t\t\t\t\t<p>Willy is much more than a guide \u2014 he\u2019s a true guardian of the Amazon.\nWith years of experience living deep in the rainforest, his knowledge of the jungle, its songs, animals, and traditions make him an essential part of Amaz\u00f3nika.<br data-start=\"442\" data-end=\"445\" \/>His commitment to the land and his connection with Indigenous wisdom inspire every traveler who meets him.<br data-start=\"672\" data-end=\"675\" \/>He\u2019s the perfect guide to open the doors of the jungle with humility and deep understanding.<\/p>\t\t\t\t\t\t\t\t<\/div>\n\t\t\t\t<\/div>\n\t\t\t\t\t<\/div>\n\t\t\t\t<\/div>\n\t\t<div class=\"elementor-element elementor-element-459450d e-flex e-con-boxed e-con e-parent\" data-id=\"459450d\" data-element_type=\"container\" data-settings=\"{&quot;background_background&quot;:&quot;slideshow&quot;,&quot;background_slideshow_gallery&quot;:[{&quot;id&quot;:205,&quot;url&quot;:&quot;https:\\\/\\\/amazonikajungletours.com\\\/wp-content\\\/uploads\\\/2025\\\/09\\\/Sin-titulo-4-8.jpg&quot;}],&quot;background_slideshow_loop&quot;:&quot;yes&quot;,&quot;background_slideshow_slide_duration&quot;:5000,&quot;background_slideshow_slide_transition&quot;:&quot;fade&quot;,&quot;background_slideshow_transition_duration&quot;:500}\">\n\t\t\t\t\t<div class=\"e-con-inner\">\n\t\t\t\t<div class=\"elementor-element elementor-element-f590c59 animated-slow elementor-invisible elementor-widget elementor-widget-heading\" data-id=\"f590c59\" data-element_type=\"widget\" data-settings=\"{&quot;_animation&quot;:&quot;fadeInUp&quot;}\" data-widget_type=\"heading.default\">\n\t\t\t\t\t<h2 class=\"elementor-heading-title elementor-size-default\">Travel with Purpose, Travel with Amaz\u00f3nika<\/h2>\t\t\t\t<\/div>\n\t\t\t\t<div class=\"elementor-element elementor-element-c919733 animated-slow elementor-invisible elementor-widget elementor-widget-text-editor\" data-id=\"c919733\" data-element_type=\"widget\" data-settings=\"{&quot;_animation&quot;:&quot;fadeInUp&quot;}\" data-widget_type=\"text-editor.default\">\n\t\t\t\t\t\t\t\t\t<p>More than tours, we create transformative experiences.\nConnect with the culture, explore the rainforest, and live an authentic and responsible Amazon tourism experience in Colombia.<\/p>\t\t\t\t\t\t\t\t<\/div>\n\t\t\t\t<div class=\"elementor-element elementor-element-5a3e241 elementor-button-info elementor-align-center animated-slow elementor-invisible elementor-widget elementor-widget-button\" data-id=\"5a3e241\" data-element_type=\"widget\" data-settings=\"{&quot;_animation&quot;:&quot;fadeInUp&quot;}\" data-widget_type=\"button.default\">\n\t\t\t\t\t\t\t\t\t\t<a class=\"elementor-button elementor-button-link elementor-size-sm\" href=\"https:\/\/amazonikajungletours.com\/en\/contacto\/\" target=\"_blank\">\n\t\t\t\t\t\t<span class=\"elementor-button-content-wrapper\">\n\t\t\t\t\t\t<span class=\"elementor-button-icon\">\n\t\t\t\t<svg aria-hidden=\"true\" class=\"e-font-icon-svg e-far-arrow-alt-circle-right\" viewbox=\"0 0 512 512\" xmlns=\"http:\/\/www.w3.org\/2000\/svg\"><path d=\"M504 256C504 119 393 8 256 8S8 119 8 256s111 248 248 248 248-111 248-248zm-448 0c0-110.5 89.5-200 200-200s200 89.5 200 200-89.5 200-200 200S56 366.5 56 256zm72 20v-40c0-6.6 5.4-12 12-12h116v-67c0-10.7 12.9-16 20.5-8.5l99 99c4.7 4.7 4.7 12.3 0 17l-99 99c-7.6 7.6-20.5 2.2-20.5-8.5v-67H140c-6.6 0-12-5.4-12-12z\"><\/path><\/svg>\t\t\t<\/span>\n\t\t\t\t\t\t\t\t\t<span class=\"elementor-button-text\">Reserve your experience<\/span>\n\t\t\t\t\t<\/span>\n\t\t\t\t\t<\/a>\n\t\t\t\t\t\t\t\t<\/div>\n\t\t\t\t\t<\/div>\n\t\t\t\t<\/div>\n\t\t\t\t<\/div>","protected":false},"excerpt":{"rendered":"<p>Qui\u00e9nes somos &#8211; Amaz\u00f3nika Turismo amaz\u00f3nico en Colombia con identidad local y prop\u00f3sito sostenible. Un proyecto nacido en el coraz\u00f3n [&hellip;]<\/p>","protected":false},"author":1,"featured_media":0,"parent":0,"menu_order":0,"comment_status":"closed","ping_status":"closed","template":"","meta":{"site-sidebar-layout":"no-sidebar","site-content-layout":"","ast-site-content-layout":"full-width-container","site-content-style":"default","site-sidebar-style":"default","ast-global-header-display":"","ast-banner-title-visibility":"","ast-main-header-display":"","ast-hfb-above-header-display":"","ast-hfb-below-header-display":"","ast-hfb-mobile-header-display":"","site-post-title":"disabled","ast-breadcrumbs-content":"","ast-featured-img":"disabled","footer-sml-layout":"","ast-disable-related-posts":"","theme-transparent-header-meta":"","adv-header-id-meta":"","stick-header-meta":"","header-above-stick-meta":"","header-main-stick-meta":"","header-below-stick-meta":"","astra-migrate-meta-layouts":"default","ast-page-background-enabled":"default","ast-page-background-meta":{"desktop":{"background-color":"var(--ast-global-color-5)","background-image":"","background-repeat":"repeat","background-position":"center center","background-size":"auto","background-attachment":"scroll","background-type":"","background-media":"","overlay-type":"","overlay-color":"","overlay-opacity":"","overlay-gradient":""},"tablet":{"background-color":"","background-image":"","background-repeat":"repeat","background-position":"center center","background-size":"auto","background-attachment":"scroll","background-type":"","background-media":"","overlay-type":"","overlay-color":"","overlay-opacity":"","overlay-gradient":""},"mobile":{"background-color":"","background-image":"","background-repeat":"repeat","background-position":"center center","background-size":"auto","background-attachment":"scroll","background-type":"","background-media":"","overlay-type":"","overlay-color":"","overlay-opacity":"","overlay-gradient":""}},"ast-content-background-meta":{"desktop":{"background-color":"var(--ast-global-color-4)","background-image":"","background-repeat":"repeat","background-position":"center center","background-size":"auto","background-attachment":"scroll","background-type":"","background-media":"","overlay-type":"","overlay-color":"","overlay-opacity":"","overlay-gradient":""},"tablet":{"background-color":"var(--ast-global-color-4)","background-image":"","background-repeat":"repeat","background-position":"center center","background-size":"auto","background-attachment":"scroll","background-type":"","background-media":"","overlay-type":"","overlay-color":"","overlay-opacity":"","overlay-gradient":""},"mobile":{"background-color":"var(--ast-global-color-4)","background-image":"","background-repeat":"repeat","background-position":"center center","background-size":"auto","background-attachment":"scroll","background-type":"","background-media":"","overlay-type":"","overlay-color":"","overlay-opacity":"","overlay-gradient":""}},"_joinchat":[],"footnotes":""},"class_list":["post-15","page","type-page","status-publish","hentry"],"_hostinger_reach_plugin_has_subscription_block":false,"_hostinger_reach_plugin_is_elementor":false,"_links":{"self":[{"href":"https:\/\/amazonikajungletours.com\/en\/wp-json\/wp\/v2\/pages\/15","targetHints":{"allow":["GET"]}}],"collection":[{"href":"https:\/\/amazonikajungletours.com\/en\/wp-json\/wp\/v2\/pages"}],"about":[{"href":"https:\/\/amazonikajungletours.com\/en\/wp-json\/wp\/v2\/types\/page"}],"author":[{"embeddable":true,"href":"https:\/\/amazonikajungletours.com\/en\/wp-json\/wp\/v2\/users\/1"}],"replies":[{"embeddable":true,"href":"https:\/\/amazonikajungletours.com\/en\/wp-json\/wp\/v2\/comments?post=15"}],"version-history":[{"count":80,"href":"https:\/\/amazonikajungletours.com\/en\/wp-json\/wp\/v2\/pages\/15\/revisions"}],"predecessor-version":[{"id":1163,"href":"https:\/\/amazonikajungletours.com\/en\/wp-json\/wp\/v2\/pages\/15\/revisions\/1163"}],"wp:attachment":[{"href":"https:\/\/amazonikajungletours.com\/en\/wp-json\/wp\/v2\/media?parent=15"}],"curies":[{"name":"wp","href":"https:\/\/api.w.org\/{rel}","templated":true}]}}