{"id":13,"date":"2025-09-15T22:41:03","date_gmt":"2025-09-15T22:41:03","guid":{"rendered":"https:\/\/amazonikajungletours.com\/?page_id=13"},"modified":"2025-11-01T02:46:40","modified_gmt":"2025-11-01T02:46:40","slug":"nuestros-servicios","status":"publish","type":"page","link":"https:\/\/amazonikajungletours.com\/en\/nuestros-servicios\/","title":{"rendered":"tours en el Amazonas colombiano"},"content":{"rendered":"<div data-elementor-type=\"wp-page\" data-elementor-id=\"13\" class=\"elementor elementor-13\">\n\t\t\t\t<div class=\"elementor-element elementor-element-ec0028b e-flex e-con-boxed e-con e-parent\" data-id=\"ec0028b\" data-element_type=\"container\" data-settings=\"{&quot;background_background&quot;:&quot;slideshow&quot;,&quot;background_slideshow_gallery&quot;:[{&quot;id&quot;:162,&quot;url&quot;:&quot;https:\\\/\\\/amazonikajungletours.com\\\/wp-content\\\/uploads\\\/2025\\\/09\\\/Sin-titulo-2-54.jpg&quot;}],&quot;background_slideshow_loop&quot;:&quot;yes&quot;,&quot;background_slideshow_slide_duration&quot;:5000,&quot;background_slideshow_slide_transition&quot;:&quot;fade&quot;,&quot;background_slideshow_transition_duration&quot;:500}\">\n\t\t\t\t\t<div class=\"e-con-inner\">\n\t\t\t\t<div class=\"elementor-element elementor-element-8d38ba5 animated-slow elementor-invisible elementor-widget elementor-widget-heading\" data-id=\"8d38ba5\" data-element_type=\"widget\" data-settings=\"{&quot;_animation&quot;:&quot;fadeInDown&quot;}\" data-widget_type=\"heading.default\">\n\t\t\t\t\t<h1 class=\"elementor-heading-title elementor-size-default\">Unique Amazon Tourism Experiences in Colombia<\/h1>\t\t\t\t<\/div>\n\t\t\t\t<div class=\"elementor-element elementor-element-3723c4a animated-slow elementor-invisible elementor-widget elementor-widget-heading\" data-id=\"3723c4a\" data-element_type=\"widget\" data-settings=\"{&quot;_animation&quot;:&quot;fadeInDown&quot;}\" data-widget_type=\"heading.default\">\n\t\t\t\t\t<h2 class=\"elementor-heading-title elementor-size-default\">Discover our nature, traditions, and adventure tours, designed by local Amazonian guides to experience the jungle in an authentic and sustainable way.<\/h2>\t\t\t\t<\/div>\n\t\t\t\t<div class=\"elementor-element elementor-element-e96a34a elementor-button-info elementor-align-center animated-slow elementor-invisible elementor-widget elementor-widget-button\" data-id=\"e96a34a\" data-element_type=\"widget\" data-settings=\"{&quot;_animation&quot;:&quot;zoomIn&quot;}\" data-widget_type=\"button.default\">\n\t\t\t\t\t\t\t\t\t\t<a class=\"elementor-button elementor-button-link elementor-size-sm\" href=\"https:\/\/amazonikajungletours.com\/en\/contacto\/\" target=\"_blank\">\n\t\t\t\t\t\t<span class=\"elementor-button-content-wrapper\">\n\t\t\t\t\t\t<span class=\"elementor-button-icon\">\n\t\t\t\t<svg aria-hidden=\"true\" class=\"e-font-icon-svg e-far-arrow-alt-circle-right\" viewbox=\"0 0 512 512\" xmlns=\"http:\/\/www.w3.org\/2000\/svg\"><path d=\"M504 256C504 119 393 8 256 8S8 119 8 256s111 248 248 248 248-111 248-248zm-448 0c0-110.5 89.5-200 200-200s200 89.5 200 200-89.5 200-200 200S56 366.5 56 256zm72 20v-40c0-6.6 5.4-12 12-12h116v-67c0-10.7 12.9-16 20.5-8.5l99 99c4.7 4.7 4.7 12.3 0 17l-99 99c-7.6 7.6-20.5 2.2-20.5-8.5v-67H140c-6.6 0-12-5.4-12-12z\"><\/path><\/svg>\t\t\t<\/span>\n\t\t\t\t\t\t\t\t\t<span class=\"elementor-button-text\">Book your tour Now<\/span>\n\t\t\t\t\t<\/span>\n\t\t\t\t\t<\/a>\n\t\t\t\t\t\t\t\t<\/div>\n\t\t\t\t\t<\/div>\n\t\t\t\t<\/div>\n\t\t<div class=\"elementor-element elementor-element-e2deef3 e-flex e-con-boxed e-con e-parent\" data-id=\"e2deef3\" data-element_type=\"container\" data-settings=\"{&quot;background_background&quot;:&quot;classic&quot;}\">\n\t\t\t\t\t<div class=\"e-con-inner\">\n\t\t\t\t<div class=\"elementor-element elementor-element-ceab555 animated-slow elementor-invisible elementor-widget elementor-widget-heading\" data-id=\"ceab555\" data-element_type=\"widget\" data-settings=\"{&quot;_animation&quot;:&quot;fadeInUp&quot;}\" data-widget_type=\"heading.default\">\n\t\t\t\t\t<h2 class=\"elementor-heading-title elementor-size-default\">Our Services \/ Types of Tours<\/h2>\t\t\t\t<\/div>\n\t\t<div class=\"elementor-element elementor-element-7ffd7ef e-grid e-con-full e-con e-child\" data-id=\"7ffd7ef\" data-element_type=\"container\">\n\t\t\t\t<div class=\"elementor-element elementor-element-806d620 animated-slow elementor-invisible elementor-widget elementor-widget-text-editor\" data-id=\"806d620\" data-element_type=\"widget\" data-settings=\"{&quot;_animation&quot;:&quot;fadeInLeft&quot;}\" data-widget_type=\"text-editor.default\">\n\t\t\t\t\t\t\t\t\t<h3 data-start=\"1138\" data-end=\"1173\"><strong data-start=\"1145\" data-end=\"1171\">\ud83c\udf3f 1. Nature Tours<\/strong><\/h3><p data-start=\"1174\" data-end=\"1439\"><br data-start=\"1184\" data-end=\"1187\" \/>Explore the natural richness of the Colombian Amazon: sacred lakes, wildlife, and vibrant jungle life.\nOur nature tours connect you with the beating heart of the planet.<br data-start=\"1355\" data-end=\"1358\" \/><em data-start=\"1361\" data-end=\"1437\">Live the magic of Lake Tarapoto and the natural reserves of Puerto Nari\u00f1o.<\/em><\/p>\t\t\t\t\t\t\t\t<\/div>\n\t\t\t\t<div class=\"elementor-element elementor-element-d07109c animated-slow elementor-invisible elementor-widget elementor-widget-text-editor\" data-id=\"d07109c\" data-element_type=\"widget\" data-settings=\"{&quot;_animation&quot;:&quot;fadeInDown&quot;}\" data-widget_type=\"text-editor.default\">\n\t\t\t\t\t\t\t\t\t<h3 data-start=\"1609\" data-end=\"1644\"><strong data-start=\"1615\" data-end=\"1642\">\ud83e\udeb6 2. Tradition Tours<\/strong><\/h3><p data-start=\"1645\" data-end=\"1923\"><br data-start=\"1655\" data-end=\"1658\" \/>Dive into the ancestral wisdom of Indigenous Amazonian communities.\nLearn about la chagra (traditional garden), the maloka (ceremonial house), and ancient customs that preserve the connection with nature.<br data-start=\"1833\" data-end=\"1836\" \/><em data-start=\"1839\" data-end=\"1921\">A unique cultural and spiritual journey guided by the guardians of the territory.<\/em><\/p>\t\t\t\t\t\t\t\t<\/div>\n\t\t\t\t<div class=\"elementor-element elementor-element-e1bef2b elementor-invisible elementor-widget elementor-widget-text-editor\" data-id=\"e1bef2b\" data-element_type=\"widget\" data-settings=\"{&quot;_animation&quot;:&quot;fadeInRight&quot;}\" data-widget_type=\"text-editor.default\">\n\t\t\t\t\t\t\t\t\t<h3 data-start=\"2067\" data-end=\"2100\">\ud83d\udef6 <strong data-start=\"2074\" data-end=\"2098\">3. Adventure Tours<\/strong><\/h3><p data-start=\"2101\" data-end=\"2363\"><br data-start=\"2111\" data-end=\"2114\" \/>For the most adventurous spirits: river expeditions, night walks, and jungle camping deep in the forest.\nLive the Amazon in its wildest form, guided by local experts.\u00a0 \u00a0 \u00a0 \u00a0 \u00a0 \u00a0 \u00a0 \u00a0 <em data-start=\"2293\" data-end=\"2361\">Dare to an unforgettable journey through the heart of the jungle.<\/em><\/p>\t\t\t\t\t\t\t\t<\/div>\n\t\t\t\t<div class=\"elementor-element elementor-element-b8e0d96 animated-slow elementor-invisible elementor-widget elementor-widget-image\" data-id=\"b8e0d96\" data-element_type=\"widget\" data-settings=\"{&quot;_animation&quot;:&quot;fadeInLeft&quot;}\" data-widget_type=\"image.default\">\n\t\t\t\t\t\t\t\t\t\t\t\t\t\t\t<img fetchpriority=\"high\" decoding=\"async\" width=\"300\" height=\"300\" src=\"https:\/\/amazonikajungletours.com\/wp-content\/uploads\/2025\/09\/Sin-titulo-5-12-300x300.jpg\" class=\"attachment-medium size-medium wp-image-220\" alt=\"\" srcset=\"https:\/\/amazonikajungletours.com\/wp-content\/uploads\/2025\/09\/Sin-titulo-5-12-300x300.jpg 300w, https:\/\/amazonikajungletours.com\/wp-content\/uploads\/2025\/09\/Sin-titulo-5-12-150x150.jpg 150w, https:\/\/amazonikajungletours.com\/wp-content\/uploads\/2025\/09\/Sin-titulo-5-12-768x768.jpg 768w, https:\/\/amazonikajungletours.com\/wp-content\/uploads\/2025\/09\/Sin-titulo-5-12.jpg 1024w\" sizes=\"(max-width: 300px) 100vw, 300px\" \/>\t\t\t\t\t\t\t\t\t\t\t\t\t\t\t<\/div>\n\t\t\t\t<div class=\"elementor-element elementor-element-115a715 animated-slow elementor-invisible elementor-widget elementor-widget-image\" data-id=\"115a715\" data-element_type=\"widget\" data-settings=\"{&quot;_animation&quot;:&quot;fadeInUp&quot;}\" data-widget_type=\"image.default\">\n\t\t\t\t\t\t\t\t\t\t\t\t\t\t\t<img decoding=\"async\" width=\"271\" height=\"300\" src=\"https:\/\/amazonikajungletours.com\/wp-content\/uploads\/2025\/10\/maloka1-271x300.jpg\" class=\"attachment-medium size-medium wp-image-551\" alt=\"\" srcset=\"https:\/\/amazonikajungletours.com\/wp-content\/uploads\/2025\/10\/maloka1-271x300.jpg 271w, https:\/\/amazonikajungletours.com\/wp-content\/uploads\/2025\/10\/maloka1.jpg 475w\" sizes=\"(max-width: 271px) 100vw, 271px\" \/>\t\t\t\t\t\t\t\t\t\t\t\t\t\t\t<\/div>\n\t\t\t\t<div class=\"elementor-element elementor-element-55a287a animated-slow elementor-invisible elementor-widget elementor-widget-image\" data-id=\"55a287a\" data-element_type=\"widget\" data-settings=\"{&quot;_animation&quot;:&quot;fadeInRight&quot;}\" data-widget_type=\"image.default\">\n\t\t\t\t\t\t\t\t\t\t\t\t\t\t\t<img decoding=\"async\" width=\"300\" height=\"300\" src=\"https:\/\/amazonikajungletours.com\/wp-content\/uploads\/2025\/09\/Sin-titulo-3-28-300x300.jpg\" class=\"attachment-medium size-medium wp-image-194\" alt=\"\" srcset=\"https:\/\/amazonikajungletours.com\/wp-content\/uploads\/2025\/09\/Sin-titulo-3-28-300x300.jpg 300w, https:\/\/amazonikajungletours.com\/wp-content\/uploads\/2025\/09\/Sin-titulo-3-28-150x150.jpg 150w, https:\/\/amazonikajungletours.com\/wp-content\/uploads\/2025\/09\/Sin-titulo-3-28-768x768.jpg 768w, https:\/\/amazonikajungletours.com\/wp-content\/uploads\/2025\/09\/Sin-titulo-3-28.jpg 1024w\" sizes=\"(max-width: 300px) 100vw, 300px\" \/>\t\t\t\t\t\t\t\t\t\t\t\t\t\t\t<\/div>\n\t\t\t\t<\/div>\n\t\t<div class=\"elementor-element elementor-element-145393a e-con-full e-grid e-con e-child\" data-id=\"145393a\" data-element_type=\"container\">\n\t\t\t\t<div class=\"elementor-element elementor-element-531f64b elementor-align-center elementor-widget elementor-widget-button\" data-id=\"531f64b\" data-element_type=\"widget\" data-widget_type=\"button.default\">\n\t\t\t\t\t\t\t\t\t\t<a class=\"elementor-button elementor-button-link elementor-size-sm\" href=\"https:\/\/amazonikajungletours.com\/en\/tours-de-naturaleza\/\">\n\t\t\t\t\t\t<span class=\"elementor-button-content-wrapper\">\n\t\t\t\t\t\t\t\t\t<span class=\"elementor-button-text\">\ud83d\udd17 View Nature Tours<\/span>\n\t\t\t\t\t<\/span>\n\t\t\t\t\t<\/a>\n\t\t\t\t\t\t\t\t<\/div>\n\t\t\t\t<div class=\"elementor-element elementor-element-1419181 elementor-align-center elementor-widget elementor-widget-button\" data-id=\"1419181\" data-element_type=\"widget\" data-widget_type=\"button.default\">\n\t\t\t\t\t\t\t\t\t\t<a class=\"elementor-button elementor-button-link elementor-size-sm\" href=\"https:\/\/amazonikajungletours.com\/en\/tours-de-tradicion\/\">\n\t\t\t\t\t\t<span class=\"elementor-button-content-wrapper\">\n\t\t\t\t\t\t\t\t\t<span class=\"elementor-button-text\">\ud83d\udd17 Explore Traditions<\/span>\n\t\t\t\t\t<\/span>\n\t\t\t\t\t<\/a>\n\t\t\t\t\t\t\t\t<\/div>\n\t\t\t\t<div class=\"elementor-element elementor-element-3391ac1 elementor-align-center elementor-widget elementor-widget-button\" data-id=\"3391ac1\" data-element_type=\"widget\" data-widget_type=\"button.default\">\n\t\t\t\t\t\t\t\t\t\t<a class=\"elementor-button elementor-button-link elementor-size-sm\" href=\"https:\/\/amazonikajungletours.com\/en\/tours-de-aventura\/\">\n\t\t\t\t\t\t<span class=\"elementor-button-content-wrapper\">\n\t\t\t\t\t\t\t\t\t<span class=\"elementor-button-text\">\ud83d\udd17 Discover Adventures<\/span>\n\t\t\t\t\t<\/span>\n\t\t\t\t\t<\/a>\n\t\t\t\t\t\t\t\t<\/div>\n\t\t\t\t<\/div>\n\t\t\t\t\t<\/div>\n\t\t\t\t<\/div>\n\t\t<div class=\"elementor-element elementor-element-7c2f12b e-flex e-con-boxed e-con e-parent\" data-id=\"7c2f12b\" data-element_type=\"container\">\n\t\t\t\t\t<div class=\"e-con-inner\">\n\t\t<div class=\"elementor-element elementor-element-fb13017 e-con-full animated-slow e-flex elementor-invisible e-con e-child\" data-id=\"fb13017\" data-element_type=\"container\" data-settings=\"{&quot;background_background&quot;:&quot;slideshow&quot;,&quot;background_slideshow_gallery&quot;:[{&quot;id&quot;:567,&quot;url&quot;:&quot;https:\\\/\\\/amazonikajungletours.com\\\/wp-content\\\/uploads\\\/2025\\\/10\\\/willy-y-yo.jpg&quot;}],&quot;animation&quot;:&quot;fadeInLeft&quot;,&quot;background_slideshow_loop&quot;:&quot;yes&quot;,&quot;background_slideshow_slide_duration&quot;:5000,&quot;background_slideshow_slide_transition&quot;:&quot;fade&quot;,&quot;background_slideshow_transition_duration&quot;:500}\">\n\t\t\t\t<\/div>\n\t\t<div class=\"elementor-element elementor-element-2a85615 e-con-full e-flex e-con e-child\" data-id=\"2a85615\" data-element_type=\"container\">\n\t\t\t\t<div class=\"elementor-element elementor-element-9dc20c8 animated-slow elementor-invisible elementor-widget elementor-widget-heading\" data-id=\"9dc20c8\" data-element_type=\"widget\" data-settings=\"{&quot;_animation&quot;:&quot;fadeInRight&quot;}\" data-widget_type=\"heading.default\">\n\t\t\t\t\t<h3 class=\"elementor-heading-title elementor-size-default\">\ud83c\udf31 Responsible and Purpose-Driven Tourism<\/h3>\t\t\t\t<\/div>\n\t\t\t\t<div class=\"elementor-element elementor-element-47f4bfa animated-slow elementor-invisible elementor-widget elementor-widget-text-editor\" data-id=\"47f4bfa\" data-element_type=\"widget\" data-settings=\"{&quot;_animation&quot;:&quot;fadeInRight&quot;}\" data-widget_type=\"text-editor.default\">\n\t\t\t\t\t\t\t\t\t<p>En <strong data-start=\"2616\" data-end=\"2629\">Amazonika<\/strong>, each experience is built together with local communities from the Amazon. We promote conscious tourism that protects biodiversity, strengthens indigenous culture, and generates real benefits for the families of the territory.<\/p>\t\t\t\t\t\t\t\t<\/div>\n\t\t\t\t<\/div>\n\t\t\t\t\t<\/div>\n\t\t\t\t<\/div>\n\t\t<div class=\"elementor-element elementor-element-42d6bc2 e-flex e-con-boxed e-con e-parent\" data-id=\"42d6bc2\" data-element_type=\"container\" data-settings=\"{&quot;background_background&quot;:&quot;slideshow&quot;,&quot;background_slideshow_gallery&quot;:[{&quot;id&quot;:147,&quot;url&quot;:&quot;https:\\\/\\\/amazonikajungletours.com\\\/wp-content\\\/uploads\\\/2025\\\/09\\\/Sin-titulo-2-39.jpg&quot;}],&quot;background_slideshow_loop&quot;:&quot;yes&quot;,&quot;background_slideshow_slide_duration&quot;:5000,&quot;background_slideshow_slide_transition&quot;:&quot;fade&quot;,&quot;background_slideshow_transition_duration&quot;:500}\">\n\t\t\t\t\t<div class=\"e-con-inner\">\n\t\t\t\t<div class=\"elementor-element elementor-element-3fefe48 animated-slow elementor-invisible elementor-widget elementor-widget-text-editor\" data-id=\"3fefe48\" data-element_type=\"widget\" data-settings=\"{&quot;_animation&quot;:&quot;fadeInUp&quot;}\" data-widget_type=\"text-editor.default\">\n\t\t\t\t\t\t\t\t\t<p>Your Journey Can Make a Difference\n\nDiscover Amazon tourism in Colombia in a responsible, authentic, and transformative way.<\/p>\t\t\t\t\t\t\t\t<\/div>\n\t\t\t\t<div class=\"elementor-element elementor-element-9fab2e7 elementor-align-center animated-slow elementor-button-info elementor-invisible elementor-widget elementor-widget-button\" data-id=\"9fab2e7\" data-element_type=\"widget\" data-settings=\"{&quot;_animation&quot;:&quot;fadeInUp&quot;}\" data-widget_type=\"button.default\">\n\t\t\t\t\t\t\t\t\t\t<a class=\"elementor-button elementor-button-link elementor-size-sm\" href=\"https:\/\/amazonikajungletours.com\/en\/contacto\/\">\n\t\t\t\t\t\t<span class=\"elementor-button-content-wrapper\">\n\t\t\t\t\t\t\t\t\t<span class=\"elementor-button-text\">Book your experience with Amaz\u00f3nika<\/span>\n\t\t\t\t\t<\/span>\n\t\t\t\t\t<\/a>\n\t\t\t\t\t\t\t\t<\/div>\n\t\t\t\t\t<\/div>\n\t\t\t\t<\/div>\n\t\t\t\t<\/div>","protected":false},"excerpt":{"rendered":"<p>Experiencias \u00fanicas de turismo amaz\u00f3nico en Colombia Descubre nuestros tours de naturaleza, tradiciones y aventura, dise\u00f1ados por gu\u00edas locales para [&hellip;]<\/p>","protected":false},"author":1,"featured_media":0,"parent":0,"menu_order":0,"comment_status":"closed","ping_status":"closed","template":"","meta":{"site-sidebar-layout":"no-sidebar","site-content-layout":"","ast-site-content-layout":"full-width-container","site-content-style":"default","site-sidebar-style":"default","ast-global-header-display":"","ast-banner-title-visibility":"","ast-main-header-display":"","ast-hfb-above-header-display":"","ast-hfb-below-header-display":"","ast-hfb-mobile-header-display":"","site-post-title":"disabled","ast-breadcrumbs-content":"","ast-featured-img":"disabled","footer-sml-layout":"","ast-disable-related-posts":"","theme-transparent-header-meta":"","adv-header-id-meta":"","stick-header-meta":"","header-above-stick-meta":"","header-main-stick-meta":"","header-below-stick-meta":"","astra-migrate-meta-layouts":"default","ast-page-background-enabled":"default","ast-page-background-meta":{"desktop":{"background-color":"var(--ast-global-color-5)","background-image":"","background-repeat":"repeat","background-position":"center center","background-size":"auto","background-attachment":"scroll","background-type":"","background-media":"","overlay-type":"","overlay-color":"","overlay-opacity":"","overlay-gradient":""},"tablet":{"background-color":"","background-image":"","background-repeat":"repeat","background-position":"center center","background-size":"auto","background-attachment":"scroll","background-type":"","background-media":"","overlay-type":"","overlay-color":"","overlay-opacity":"","overlay-gradient":""},"mobile":{"background-color":"","background-image":"","background-repeat":"repeat","background-position":"center center","background-size":"auto","background-attachment":"scroll","background-type":"","background-media":"","overlay-type":"","overlay-color":"","overlay-opacity":"","overlay-gradient":""}},"ast-content-background-meta":{"desktop":{"background-color":"var(--ast-global-color-4)","background-image":"","background-repeat":"repeat","background-position":"center center","background-size":"auto","background-attachment":"scroll","background-type":"","background-media":"","overlay-type":"","overlay-color":"","overlay-opacity":"","overlay-gradient":""},"tablet":{"background-color":"var(--ast-global-color-4)","background-image":"","background-repeat":"repeat","background-position":"center center","background-size":"auto","background-attachment":"scroll","background-type":"","background-media":"","overlay-type":"","overlay-color":"","overlay-opacity":"","overlay-gradient":""},"mobile":{"background-color":"var(--ast-global-color-4)","background-image":"","background-repeat":"repeat","background-position":"center center","background-size":"auto","background-attachment":"scroll","background-type":"","background-media":"","overlay-type":"","overlay-color":"","overlay-opacity":"","overlay-gradient":""}},"_joinchat":[],"footnotes":""},"class_list":["post-13","page","type-page","status-publish","hentry"],"_hostinger_reach_plugin_has_subscription_block":false,"_hostinger_reach_plugin_is_elementor":false,"_links":{"self":[{"href":"https:\/\/amazonikajungletours.com\/en\/wp-json\/wp\/v2\/pages\/13","targetHints":{"allow":["GET"]}}],"collection":[{"href":"https:\/\/amazonikajungletours.com\/en\/wp-json\/wp\/v2\/pages"}],"about":[{"href":"https:\/\/amazonikajungletours.com\/en\/wp-json\/wp\/v2\/types\/page"}],"author":[{"embeddable":true,"href":"https:\/\/amazonikajungletours.com\/en\/wp-json\/wp\/v2\/users\/1"}],"replies":[{"embeddable":true,"href":"https:\/\/amazonikajungletours.com\/en\/wp-json\/wp\/v2\/comments?post=13"}],"version-history":[{"count":84,"href":"https:\/\/amazonikajungletours.com\/en\/wp-json\/wp\/v2\/pages\/13\/revisions"}],"predecessor-version":[{"id":1111,"href":"https:\/\/amazonikajungletours.com\/en\/wp-json\/wp\/v2\/pages\/13\/revisions\/1111"}],"wp:attachment":[{"href":"https:\/\/amazonikajungletours.com\/en\/wp-json\/wp\/v2\/media?parent=13"}],"curies":[{"name":"wp","href":"https:\/\/api.w.org\/{rel}","templated":true}]}}